{"id":6852,"date":"2020-08-19T01:26:24","date_gmt":"2020-08-18T22:26:24","guid":{"rendered":"https:\/\/deir.lv\/?page_id=6852"},"modified":"2024-06-12T19:22:43","modified_gmt":"2024-06-12T16:22:43","slug":"musu-kontakti","status":"publish","type":"page","link":"https:\/\/deir.lv\/lv\/musu-kontakti\/","title":{"rendered":"M\u016bsu kontakti"},"content":{"rendered":"<div class=\"fusion-fullwidth fullwidth-box fusion-builder-row-1 fusion-flex-container nonhundred-percent-fullwidth non-hundred-percent-height-scrolling\" style=\"background-color: rgba(255,255,255,0);background-image:linear-gradient(180deg, #ffffff 56%,#f4f4f6 56%);background-position: center center;background-repeat: no-repeat;border-width: 0px 0px 0px 0px;border-color:rgba(0,0,0,0.08);border-style:solid;\" ><div class=\"fusion-builder-row fusion-row fusion-flex-align-items-flex-start\" style=\"max-width:1331.2px;margin-left: calc(-4% \/ 2 );margin-right: calc(-4% \/ 2 );\"><div class=\"fusion-layout-column fusion_builder_column fusion-builder-column-0 fusion_builder_column_1_1 1_1 fusion-flex-column fusion-animated\" data-animationType=\"fadeInDown\" data-animationDuration=\"1.0\" data-animationOffset=\"100%\"><div class=\"fusion-column-wrapper fusion-flex-justify-content-flex-start fusion-content-layout-column\" style=\"background-position:left top;background-repeat:no-repeat;-webkit-background-size:cover;-moz-background-size:cover;-o-background-size:cover;background-size:cover;padding: 0px 0px 0px 0px;\"><style type=\"text\/css\">@media only screen and (max-width:1024px) {.fusion-title.fusion-title-1{margin-top:!important;margin-bottom:32px!important;}}@media only screen and (max-width:640px) {.fusion-title.fusion-title-1{margin-top:12px!important;margin-bottom:24px!important;}}<\/style><div class=\"fusion-title title fusion-title-1 fusion-sep-none fusion-title-center fusion-title-text fusion-title-size-one\" style=\"margin-top:12px;margin-bottom:24px;\"><h1 class=\"title-heading-center\" style=\"margin:0;\"><p class=\"title-heading-left md-text-align-center sm-text-align-center fusion-responsive-typography-calculated\" style=\"text-align: center;\" data-fontsize=\"72\" data-lineheight=\"80.64px\"><strong>V\u0112L\u0112\u0160AN\u0100S SP\u0112JA &#8211; IESP\u0112JAS ENER\u0122IJA<\/strong><\/p><\/h1><\/div><\/div><\/div><style type=\"text\/css\">.fusion-body .fusion-builder-column-0{width:100% !important;margin-top : 20px;margin-bottom : 60px;}.fusion-builder-column-0 > .fusion-column-wrapper {padding-top : 0px !important;padding-right : 0px !important;margin-right : 1.92%;padding-bottom : 0px !important;padding-left : 0px !important;margin-left : 1.92%;}@media only screen and (max-width:1024px) {.fusion-body .fusion-builder-column-0{width:100% !important;order : 0;margin-top : 16px;margin-bottom : 16px;}.fusion-builder-column-0 > .fusion-column-wrapper {margin-right : 1.92%;margin-left : 1.92%;}}@media only screen and (max-width:640px) {.fusion-body .fusion-builder-column-0{width:100% !important;order : 0;margin-top : 10px;margin-bottom : 16px;}.fusion-builder-column-0 > .fusion-column-wrapper {margin-right : 1.92%;margin-left : 1.92%;}}<\/style><div class=\"fusion-layout-column fusion_builder_column fusion-builder-column-1 fusion_builder_column_2_5 2_5 fusion-flex-column fusion-animated\" data-animationType=\"fadeInLeft\" data-animationDuration=\"1.6\" data-animationOffset=\"100%\"><div class=\"fusion-column-wrapper fusion-flex-justify-content-flex-start fusion-content-layout-column\" style=\"background-position:left top;background-repeat:no-repeat;-webkit-background-size:cover;-moz-background-size:cover;-o-background-size:cover;background-size:cover;padding: 0px 0px 0px 0px;\"><style type=\"text\/css\">@media only screen and (max-width:1024px) {.fusion-title.fusion-title-2{margin-top:24px!important;margin-bottom:6px!important;}}@media only screen and (max-width:640px) {.fusion-title.fusion-title-2{margin-top:12px!important;margin-bottom:24px!important;}}<\/style><div class=\"fusion-title title fusion-title-2 fusion-sep-none fusion-title-text fusion-title-size-four\" style=\"margin-top:24px;margin-bottom:6px;\"><h4 class=\"title-heading-left\" style=\"margin:0;\">TEIA skola<\/h4><\/div><style type=\"text\/css\">@media only screen and (max-width:1024px) {.fusion-title.fusion-title-3{margin-top:!important;margin-bottom:4px!important;}}@media only screen and (max-width:640px) {.fusion-title.fusion-title-3{margin-top:12px!important;margin-bottom:2px!important;}}<\/style><div class=\"fusion-title title fusion-title-3 fusion-sep-none fusion-title-text fusion-title-size-two\" style=\"font-size:19px;margin-top:0px;margin-bottom:12px;\"><div class=\"title-heading-left title-heading-tag\" style=\"margin:0;font-size:1em;line-height:26px;color:#777777;\">M\u016bsu kontakti<\/div><\/div><ul class=\"fusion-checklist fusion-checklist-1\" style=\"font-size:18px;line-height:30.6px;\"><li class=\"fusion-li-item\"><span style=\"height:30.6px;width:30.6px;margin-right:12.6px;\" class=\"icon-wrapper circle-no\"><i class=\"fusion-li-icon fa-home fas\" style=\"color:#f86011;\" aria-hidden=\"true\"><\/i><\/span><div class=\"fusion-li-item-content\" style=\"margin-left:43.2px;\">\n<p>Kr. Valdem\u0101ra iela 149<\/p>\n<\/div><\/li><li class=\"fusion-li-item\"><span style=\"height:30.6px;width:30.6px;margin-right:12.6px;\" class=\"icon-wrapper circle-no\"><i class=\"fusion-li-icon fa-mobile fas\" style=\"color:#f86011;\" aria-hidden=\"true\"><\/i><\/span><div class=\"fusion-li-item-content\" style=\"margin-left:43.2px;\">\n<p>+371 29240110<\/p>\n<\/div><\/li><li class=\"fusion-li-item\"><span style=\"height:30.6px;width:30.6px;margin-right:12.6px;\" class=\"icon-wrapper circle-no\"><i class=\"fusion-li-icon fa-mobile fas\" style=\"color:#f86011;\" aria-hidden=\"true\"><\/i><\/span><div class=\"fusion-li-item-content\" style=\"margin-left:43.2px;\">\n<p>+371 29447155<\/p>\n<\/div><\/li><li class=\"fusion-li-item\"><span style=\"height:30.6px;width:30.6px;margin-right:12.6px;\" class=\"icon-wrapper circle-no\"><i class=\"fusion-li-icon fa-envelope fas\" style=\"color:#f86011;\" aria-hidden=\"true\"><\/i><\/span><div class=\"fusion-li-item-content\" style=\"margin-left:43.2px;\">\n<p>deirlatvia@gmail.com<\/p>\n<\/div><\/li><\/ul><div class=\"fusion-separator fusion-full-width-sep\" style=\"align-self: center;margin-left: auto;margin-right: auto;margin-top:30px;margin-bottom:30px;width:100%;\"><div class=\"fusion-separator-border sep-single sep-dashed\" style=\"border-color:rgba(0,0,0,0.08);border-top-width:1px;\"><\/div><\/div><div style=\"text-align:center;\"><span class=\" fusion-imageframe imageframe-none imageframe-1 hover-type-zoomin fusion-animated\" style=\"-webkit-border-radius:8px;-moz-border-radius:8px;border-radius:8px;\" data-animationType=\"zoomInLeft\" data-animationDuration=\"0.3\" data-animationOffset=\"100%\"><a class=\"fusion-no-lightbox\" href=\"https:\/\/www.facebook.com\/DeirLatvia\/\" target=\"_blank\" aria-label=\"58f4723d8f23906bdcb058604075ad2a\" rel=\"noopener noreferrer\"><img decoding=\"async\" width=\"300\" image_height=\"300\" image_id=\"6800\" src=\"https:\/\/deir.lv\/wp-content\/uploads\/2020\/08\/58f4723d8f23906bdcb058604075ad2a.png\" data-orig-src=\"https:\/\/deir.lv\/wp-content\/uploads\/2020\/08\/58f4723d8f23906bdcb058604075ad2a-300x300.png\" class=\"lazyload img-responsive wp-image-6800\" srcset=\"data:image\/svg+xml,%3Csvg%20xmlns%3D%27http%3A%2F%2Fwww.w3.org%2F2000%2Fsvg%27%20width%3D%27640%27%20height%3D%27640%27%20viewBox%3D%270%200%20640%20640%27%3E%3Crect%20width%3D%27640%27%20height%3D%273640%27%20fill-opacity%3D%220%22%2F%3E%3C%2Fsvg%3E\" data-srcset=\"https:\/\/deir.lv\/wp-content\/uploads\/2020\/08\/58f4723d8f23906bdcb058604075ad2a-200x200.png 200w, https:\/\/deir.lv\/wp-content\/uploads\/2020\/08\/58f4723d8f23906bdcb058604075ad2a-400x400.png 400w, https:\/\/deir.lv\/wp-content\/uploads\/2020\/08\/58f4723d8f23906bdcb058604075ad2a-600x600.png 600w, https:\/\/deir.lv\/wp-content\/uploads\/2020\/08\/58f4723d8f23906bdcb058604075ad2a.png 640w\" data-sizes=\"auto\" data-orig-sizes=\"(max-width: 640px) 100vw, 600px\" \/><\/a><\/span><\/div><\/div><\/div><style type=\"text\/css\">.fusion-body .fusion-builder-column-1{width:40% !important;margin-top : 20px;margin-bottom : 20px;}.fusion-builder-column-1 > .fusion-column-wrapper {padding-top : 0px !important;padding-right : 0px !important;margin-right : 9.6%;padding-bottom : 0px !important;padding-left : 0px !important;margin-left : 24%;}@media only screen and (max-width:1024px) {.fusion-body .fusion-builder-column-1{width:40% !important;}.fusion-builder-column-1 > .fusion-column-wrapper {margin-right : 9.6%;margin-left : 9.6%;}}@media only screen and (max-width:640px) {.fusion-body .fusion-builder-column-1{width:100% !important;order : 1;}.fusion-builder-column-1 > .fusion-column-wrapper {margin-right : 1.92%;margin-left : 1.92%;}}<\/style><div class=\"fusion-layout-column fusion_builder_column fusion-builder-column-2 fusion_builder_column_3_5 3_5 fusion-flex-column fusion-animated\" data-animationType=\"fadeInRight\" data-animationDuration=\"2.0\" data-animationOffset=\"100%\"><div class=\"fusion-column-wrapper fusion-column-has-shadow fusion-flex-justify-content-center fusion-content-layout-column\" style=\"background-position:left top;background-repeat:no-repeat;-webkit-background-size:cover;-moz-background-size:cover;-o-background-size:cover;background-size:cover;border-radius:12px 12px 12px 12px;background-color:#ffffff;border-width: 0 1px 1px 1px;border-color:rgba(0,0,0,0.08);border-style:solid;border-radius:12px 12px 12px 12px;overflow:hidden;box-shadow:12px 32px 60px -8px rgba(0,0,0,0.12);;padding: 40px 40px 40px 40px;\"><div class=\"fusion-text fusion-text-1\"><p style=\"text-align: center;\">L\u016bdzu, aizpildiet veidlapu, un m\u0113s ar jums sazin\u0101simies, cik dr\u012bz vien iesp\u0113jams<\/p>\n<\/div>\n<div class=\"wpcf7 no-js\" id=\"wpcf7-f6859-o1\" lang=\"en-US\" dir=\"ltr\" data-wpcf7-id=\"6859\">\n<div class=\"screen-reader-response\"><p role=\"status\" aria-live=\"polite\" aria-atomic=\"true\"><\/p> <ul><\/ul><\/div>\n<form action=\"\/lv\/wp-json\/wp\/v2\/pages\/6852#wpcf7-f6859-o1\" method=\"post\" class=\"wpcf7-form init\" aria-label=\"Contact form\" novalidate=\"novalidate\" data-status=\"init\">\n<fieldset class=\"hidden-fields-container\"><input type=\"hidden\" name=\"_wpcf7\" value=\"6859\" \/><input type=\"hidden\" name=\"_wpcf7_version\" value=\"6.1.5\" \/><input type=\"hidden\" name=\"_wpcf7_locale\" value=\"en_US\" \/><input type=\"hidden\" name=\"_wpcf7_unit_tag\" value=\"wpcf7-f6859-o1\" \/><input type=\"hidden\" name=\"_wpcf7_container_post\" value=\"0\" \/><input type=\"hidden\" name=\"_wpcf7_posted_data_hash\" value=\"\" \/>\n<\/fieldset>\n<p><label style=\"display: inline-block; font-size: 18px; font-weight: 500; margin-bottom: 8px;\"><\/label><br \/>\n<span class=\"wpcf7-form-control-wrap\" data-name=\"your-name\"><input size=\"40\" maxlength=\"400\" class=\"wpcf7-form-control wpcf7-text wpcf7-validates-as-required\" aria-required=\"true\" aria-invalid=\"false\" placeholder=\"V\u0101rds\" value=\"\" type=\"text\" name=\"your-name\" \/><\/span>\n<\/p>\n<p><label style=\"display: inline-block; font-size: 18px; font-weight: 500; margin-bottom: 8px;\"><\/label><br \/>\n<span class=\"wpcf7-form-control-wrap\" data-name=\"your-email\"><input size=\"40\" maxlength=\"400\" class=\"wpcf7-form-control wpcf7-email wpcf7-validates-as-required wpcf7-text wpcf7-validates-as-email\" aria-required=\"true\" aria-invalid=\"false\" placeholder=\"E-pasts\" value=\"\" type=\"email\" name=\"your-email\" \/><\/span>\n<\/p>\n<p><label style=\"display: inline-block; font-size: 18px; font-weight: 500; margin-bottom: 8px;\"><\/label><br \/>\n<span class=\"wpcf7-form-control-wrap\" data-name=\"phone-number\"><input size=\"40\" maxlength=\"400\" class=\"wpcf7-form-control wpcf7-tel wpcf7-validates-as-required wpcf7-text wpcf7-validates-as-tel\" aria-required=\"true\" aria-invalid=\"false\" placeholder=\"Telefona numurs\" value=\"\" type=\"tel\" name=\"phone-number\" \/><\/span>\n<\/p>\n<p><label style=\"display: inline-block; font-size: 18px; font-weight: 500; margin-bottom: 8px;\"><\/label><br \/>\n<span class=\"wpcf7-form-control-wrap\" data-name=\"text-527\"><input size=\"40\" maxlength=\"400\" class=\"wpcf7-form-control wpcf7-text wpcf7-validates-as-required\" aria-required=\"true\" aria-invalid=\"false\" placeholder=\"Izzi\u0146a\" value=\"\" type=\"text\" name=\"text-527\" \/><\/span>\n<\/p>\n<div>\n\t<p><input type=\"submit\" class=\"wpcf7-form-control wpcf7-submit\" value=\"Nos\u016bt\u012bt v\u0113stuli\" style=\"display: block; width: 100%; padding: 20px 30px; font-size: 20px;\" \/>\n\t<\/p>\n<\/div><div class=\"fusion-alert alert custom alert-custom fusion-alert-center wpcf7-response-output alert-dismissable alert-shadow\" style=\"border-width:1px;\"><button type=\"button\" class=\"close toggle-alert\" data-dismiss=\"alert\" aria-hidden=\"true\">&times;<\/button><div class=\"fusion-alert-content-wrapper\"><span class=\"fusion-alert-content\"><\/span><\/div><\/div>\n<\/form>\n<\/div>\n<\/div><\/div><style type=\"text\/css\">.fusion-body .fusion-builder-column-2{width:60% !important;margin-top : 20px;margin-bottom : 20px;}.fusion-builder-column-2 > .fusion-column-wrapper {padding-top : 40px !important;padding-right : 40px !important;margin-right : 16%;padding-bottom : 40px !important;padding-left : 40px !important;margin-left : 9.6%;}@media only screen and (max-width:1024px) {.fusion-body .fusion-builder-column-2{width:60% !important;order : 0;}.fusion-builder-column-2 > .fusion-column-wrapper {margin-right : 6.4%;margin-left : 3.2%;}}@media only screen and (max-width:640px) {.fusion-body .fusion-builder-column-2{width:100% !important;order : 0;margin-top : 0px;margin-bottom : 30px;}.fusion-builder-column-2 > .fusion-column-wrapper {padding-top : 24px !important;padding-right : 28px !important;margin-right : 3.84%;padding-bottom : 16px !important;padding-left : 28px !important;margin-left : 1.92%;}}<\/style><\/div><style type=\"text\/css\">.fusion-body .fusion-flex-container.fusion-builder-row-1{ padding-top : 48px;margin-top : 0px;padding-right : 0px;padding-bottom : 6%;margin-bottom : 0px;padding-left : 0px;}@media only screen and (max-width:1024px) {.fusion-body .fusion-flex-container.fusion-builder-row-1{ padding-top : 12px;}}<\/style><\/div>\n","protected":false},"excerpt":{"rendered":"","protected":false},"author":2,"featured_media":0,"parent":0,"menu_order":0,"comment_status":"closed","ping_status":"closed","template":"100-width.php","meta":{"footnotes":""},"class_list":["post-6852","page","type-page","status-publish","hentry"],"yoast_head":"<!-- This site is optimized with the Yoast SEO plugin v27.4 - https:\/\/yoast.com\/product\/yoast-seo-wordpress\/ -->\n<title>M\u016bsu kontakti - TEIA skola<\/title>\n<meta name=\"robots\" content=\"index, follow, max-snippet:-1, max-image-preview:large, max-video-preview:-1\" \/>\n<link rel=\"canonical\" href=\"https:\/\/deir.lv\/lv\/musu-kontakti\/\" \/>\n<meta property=\"og:locale\" content=\"lv_LV\" \/>\n<meta property=\"og:type\" content=\"article\" \/>\n<meta property=\"og:title\" content=\"M\u016bsu kontakti - TEIA skola\" \/>\n<meta property=\"og:url\" content=\"https:\/\/deir.lv\/lv\/musu-kontakti\/\" \/>\n<meta property=\"og:site_name\" content=\"\u0428\u043a\u043e\u043b\u0430 \u0414\u042d\u0418\u0420\" \/>\n<meta property=\"article:modified_time\" content=\"2024-06-12T16:22:43+00:00\" \/>\n<meta name=\"twitter:card\" content=\"summary_large_image\" \/>\n<meta name=\"twitter:label1\" content=\"Est. reading time\" \/>\n\t<meta name=\"twitter:data1\" content=\"8 minutes\" \/>\n<script type=\"application\/ld+json\" class=\"yoast-schema-graph\">{\"@context\":\"https:\\\/\\\/schema.org\",\"@graph\":[{\"@type\":\"WebPage\",\"@id\":\"https:\\\/\\\/deir.lv\\\/lv\\\/musu-kontakti\\\/\",\"url\":\"https:\\\/\\\/deir.lv\\\/lv\\\/musu-kontakti\\\/\",\"name\":\"M\u016bsu kontakti - TEIA skola\",\"isPartOf\":{\"@id\":\"https:\\\/\\\/deir.lv\\\/ru\\\/#website\"},\"datePublished\":\"2020-08-18T22:26:24+00:00\",\"dateModified\":\"2024-06-12T16:22:43+00:00\",\"breadcrumb\":{\"@id\":\"https:\\\/\\\/deir.lv\\\/lv\\\/musu-kontakti\\\/#breadcrumb\"},\"inLanguage\":\"lv-LV\",\"potentialAction\":[{\"@type\":\"ReadAction\",\"target\":[\"https:\\\/\\\/deir.lv\\\/lv\\\/musu-kontakti\\\/\"]}]},{\"@type\":\"BreadcrumbList\",\"@id\":\"https:\\\/\\\/deir.lv\\\/lv\\\/musu-kontakti\\\/#breadcrumb\",\"itemListElement\":[{\"@type\":\"ListItem\",\"position\":1,\"name\":\"\u0413\u043b\u0430\u0432\u043d\u0430\u044f \u0441\u0442\u0440\u0430\u043d\u0438\u0446\u0430\",\"item\":\"https:\\\/\\\/deir.lv\\\/lv\\\/\"},{\"@type\":\"ListItem\",\"position\":2,\"name\":\"M\u016bsu kontakti\"}]},{\"@type\":\"WebSite\",\"@id\":\"https:\\\/\\\/deir.lv\\\/ru\\\/#website\",\"url\":\"https:\\\/\\\/deir.lv\\\/ru\\\/\",\"name\":\"\u0428\u043a\u043e\u043b\u0430 \u0414\u042d\u0418\u0420\",\"description\":\"\u0421\u0442\u0440\u0435\u043c\u0438\u0442\u0435\u0441\u044c \u0423\u0447\u0438\u0442\u044c\u0441\u044f \u041b\u0443\u0447\u0448\u0435\u043c\u0443!\",\"potentialAction\":[{\"@type\":\"SearchAction\",\"target\":{\"@type\":\"EntryPoint\",\"urlTemplate\":\"https:\\\/\\\/deir.lv\\\/ru\\\/?s={search_term_string}\"},\"query-input\":{\"@type\":\"PropertyValueSpecification\",\"valueRequired\":true,\"valueName\":\"search_term_string\"}}],\"inLanguage\":\"lv-LV\"}]}<\/script>\n<!-- \/ Yoast SEO plugin. -->","yoast_head_json":{"title":"M\u016bsu kontakti - TEIA skola","robots":{"index":"index","follow":"follow","max-snippet":"max-snippet:-1","max-image-preview":"max-image-preview:large","max-video-preview":"max-video-preview:-1"},"canonical":"https:\/\/deir.lv\/lv\/musu-kontakti\/","og_locale":"lv_LV","og_type":"article","og_title":"M\u016bsu kontakti - TEIA skola","og_url":"https:\/\/deir.lv\/lv\/musu-kontakti\/","og_site_name":"\u0428\u043a\u043e\u043b\u0430 \u0414\u042d\u0418\u0420","article_modified_time":"2024-06-12T16:22:43+00:00","twitter_card":"summary_large_image","twitter_misc":{"Est. reading time":"8 minutes"},"schema":{"@context":"https:\/\/schema.org","@graph":[{"@type":"WebPage","@id":"https:\/\/deir.lv\/lv\/musu-kontakti\/","url":"https:\/\/deir.lv\/lv\/musu-kontakti\/","name":"M\u016bsu kontakti - TEIA skola","isPartOf":{"@id":"https:\/\/deir.lv\/ru\/#website"},"datePublished":"2020-08-18T22:26:24+00:00","dateModified":"2024-06-12T16:22:43+00:00","breadcrumb":{"@id":"https:\/\/deir.lv\/lv\/musu-kontakti\/#breadcrumb"},"inLanguage":"lv-LV","potentialAction":[{"@type":"ReadAction","target":["https:\/\/deir.lv\/lv\/musu-kontakti\/"]}]},{"@type":"BreadcrumbList","@id":"https:\/\/deir.lv\/lv\/musu-kontakti\/#breadcrumb","itemListElement":[{"@type":"ListItem","position":1,"name":"\u0413\u043b\u0430\u0432\u043d\u0430\u044f \u0441\u0442\u0440\u0430\u043d\u0438\u0446\u0430","item":"https:\/\/deir.lv\/lv\/"},{"@type":"ListItem","position":2,"name":"M\u016bsu kontakti"}]},{"@type":"WebSite","@id":"https:\/\/deir.lv\/ru\/#website","url":"https:\/\/deir.lv\/ru\/","name":"\u0428\u043a\u043e\u043b\u0430 \u0414\u042d\u0418\u0420","description":"\u0421\u0442\u0440\u0435\u043c\u0438\u0442\u0435\u0441\u044c \u0423\u0447\u0438\u0442\u044c\u0441\u044f \u041b\u0443\u0447\u0448\u0435\u043c\u0443!","potentialAction":[{"@type":"SearchAction","target":{"@type":"EntryPoint","urlTemplate":"https:\/\/deir.lv\/ru\/?s={search_term_string}"},"query-input":{"@type":"PropertyValueSpecification","valueRequired":true,"valueName":"search_term_string"}}],"inLanguage":"lv-LV"}]}},"_links":{"self":[{"href":"https:\/\/deir.lv\/lv\/wp-json\/wp\/v2\/pages\/6852","targetHints":{"allow":["GET"]}}],"collection":[{"href":"https:\/\/deir.lv\/lv\/wp-json\/wp\/v2\/pages"}],"about":[{"href":"https:\/\/deir.lv\/lv\/wp-json\/wp\/v2\/types\/page"}],"author":[{"embeddable":true,"href":"https:\/\/deir.lv\/lv\/wp-json\/wp\/v2\/users\/2"}],"replies":[{"embeddable":true,"href":"https:\/\/deir.lv\/lv\/wp-json\/wp\/v2\/comments?post=6852"}],"version-history":[{"count":1,"href":"https:\/\/deir.lv\/lv\/wp-json\/wp\/v2\/pages\/6852\/revisions"}],"predecessor-version":[{"id":7521,"href":"https:\/\/deir.lv\/lv\/wp-json\/wp\/v2\/pages\/6852\/revisions\/7521"}],"wp:attachment":[{"href":"https:\/\/deir.lv\/lv\/wp-json\/wp\/v2\/media?parent=6852"}],"curies":[{"name":"wp","href":"https:\/\/api.w.org\/{rel}","templated":true}]}}