{"id":6866,"date":"2020-08-19T02:01:40","date_gmt":"2020-08-18T23:01:40","guid":{"rendered":"https:\/\/deir.lv\/?page_id=6866"},"modified":"2020-08-19T02:02:12","modified_gmt":"2020-08-18T23:02:12","slug":"par-skolu","status":"publish","type":"page","link":"https:\/\/deir.lv\/lv\/par-skolu\/","title":{"rendered":"Par skolu"},"content":{"rendered":"<p><div class=\"fusion-fullwidth fullwidth-box fusion-builder-row-1 fusion-flex-container nonhundred-percent-fullwidth non-hundred-percent-height-scrolling\" style=\"background-color: rgba(255,255,255,0);background-position: center center;background-repeat: no-repeat;border-width: 0px 0px 0px 0px;border-color:rgba(0,0,0,0.08);border-style:solid;\" ><div class=\"fusion-builder-row fusion-row fusion-flex-align-items-flex-start fusion-flex-justify-content-center\" style=\"max-width:1331.2px;margin-left: calc(-4% \/ 2 );margin-right: calc(-4% \/ 2 );\"><div class=\"fusion-layout-column fusion_builder_column fusion-builder-column-0 fusion_builder_column_3_5 3_5 fusion-flex-column fusion-animated\" data-animationType=\"fadeInDown\" data-animationDuration=\"1.6\" data-animationOffset=\"100%\"><div class=\"fusion-column-wrapper fusion-flex-justify-content-flex-start fusion-content-layout-column\" style=\"background-position:left top;background-repeat:no-repeat;-webkit-background-size:cover;-moz-background-size:cover;-o-background-size:cover;background-size:cover;padding: 0px 0px 0px 0px;\"><style type=\"text\/css\">@media only screen and (max-width:1024px) {.fusion-title.fusion-title-1{margin-top:12px!important;margin-bottom:24px!important;}}@media only screen and (max-width:640px) {.fusion-title.fusion-title-1{margin-top:12px!important;margin-bottom:24px!important;}}<\/style><div class=\"fusion-title title fusion-title-1 fusion-sep-none fusion-title-center fusion-title-text fusion-title-size-one\" style=\"margin-top:12px;margin-bottom:24px;\"><h1 class=\"title-heading-center\" style=\"margin:0;\">Iepaz\u012b\u0161an\u0101s ar TEIA. Ce\u013c\u0161 uz laimi iet caur zin\u0101\u0161anu.<\/h1><\/div><\/div><\/div><style type=\"text\/css\">.fusion-body .fusion-builder-column-0{width:60% !important;margin-top : 10px;margin-bottom : 52px;}.fusion-builder-column-0 > .fusion-column-wrapper {padding-top : 0px !important;padding-right : 0px !important;margin-right : 3.2%;padding-bottom : 0px !important;padding-left : 0px !important;margin-left : 3.2%;}@media only screen and (max-width:1024px) {.fusion-body .fusion-builder-column-0{width:80% !important;margin-bottom : 48px;}.fusion-builder-column-0 > .fusion-column-wrapper {margin-right : 2.4%;margin-left : 2.4%;}}@media only screen and (max-width:640px) {.fusion-body .fusion-builder-column-0{width:100% !important;margin-bottom : 32px;}.fusion-builder-column-0 > .fusion-column-wrapper {margin-right : 1.92%;margin-left : 1.92%;}}<\/style><div class=\"fusion-layout-column fusion_builder_column fusion-builder-column-1 fusion_builder_column_1_1 1_1 fusion-flex-column\"><div class=\"fusion-column-wrapper fusion-flex-justify-content-flex-start fusion-content-layout-column\" style=\"background-position:left top;background-repeat:no-repeat;-webkit-background-size:cover;-moz-background-size:cover;-o-background-size:cover;background-size:cover;padding: 0px 0px 0px 0px;\"><div class=\"fusion-text fusion-text-1\" style=\"text-align:left;font-size:18px;line-height:1.4em;letter-spacing:-0.02em;\"><p>Kur\u0161 gan negrib\u0113tu izmain\u012bt sevi, s\u0101kt jaunu dz\u012bvi, kur\u0101 visas probl\u0113mas risin\u0101s viegli, kur\u0101 visi m\u0113r\u0137i ir sasniedzami. Kur\u0161 gan negr\u012bb\u0113tu k\u013c\u016bt laim\u012bgs, pa \u012bsto, nevis v\u0101rdos. Bet, visbie\u017e\u0101k, ar sapni viss s\u0101k\u0101s, ar sapni ar\u012b beidz\u0101s. Iemesls \u2013 ne jau gribassp\u0113ka vai sp\u0113jas, bet nepiecie\u0161amo pr\u0101smju tr\u016bkums. Cilv\u0113ki nepiedzimst laim\u012bgi un veiksm\u012bgi, bet k\u013c\u016bst par t\u0101diem savas dz\u012bves gait\u0101. K\u013c\u016bst apm\u0101c\u012bbas process\u0101.<\/p>\n<p>Protams, ir iesp\u0113jams b\u016bt veiksm\u012bgiem, laim\u012bgiem, br\u012bviem. Ta\u010du t\u0101da dz\u012bve nav Salavec\u012b\u0161a d\u0101vana. To var pan\u0101kt tikai pa\u0161am, un tas par\u0101sti ir \u013coti gr\u016bti, ta\u010du noteiktas prasmes padara to iesp\u0113jamu.<\/p>\n<p>Iedom\u0101jaties, ka J\u016bsu domas darbojas efekt\u012bvi tie\u0161i taj\u0101s jom\u0101s kur tas ir v\u0113l\u0101ms. Padom\u0101j\u0101t vien\u0101 veid\u0101 \u2013 samazin\u0101jies asinsspiediens un s\u0101pes pazuda.<em>\u00a0<\/em>Otr\u0101 \u2013 sare\u017e\u0123\u012bta situ\u0101cija ir atrisin\u0101ta neticami vienk\u0101r\u0161i. Tre\u0161\u0101 \u2013 cilv\u0113ks, uz kuru J\u016bs skataties, pagrie\u017eas. Ceturt\u0101 \u2013 un k\u0101dam paliek<em>\u00a0<\/em>viegl\u0101k<em>\u00a0<\/em>ap<em>\u00a0<\/em>sirdi. Piekt\u0101 \u2013 J\u016bs saprotat notikumu gaitu nesakot ne v\u0101rda. Sest\u0101 \u2013 Br\u012bnumain\u0101<em>\u00a0<\/em>veid\u0101 pie Jums non\u0101k vajadz\u012bga inform\u0101cija un cilv\u0113ki. Septit\u0101 \u2013 un J\u016bs s\u0101kat rado\u0161i dom\u0101t jaun\u0101 jom\u0101. Bet dom\u0101\u0161anas veidu ir bezgal\u012bgi daudz.<\/p>\n<p>\u0160odien, cilv\u0113ka pr\u0101ta un \u0137erm\u0113\u0146a neredz\u0101mo sp\u0113ju esam\u012bba un sp\u0113ks, nevienam vairs nav nosl\u0113pums, bet iesp\u0113ja t\u0101s kontrol\u0113t s\u0113n ir zinatn\u012bski pier\u0101d\u012bta. M\u0113s vairs ne\u0161aubamies ka katram dz\u012bvam rad\u012bjumam vai nedz\u012bvai lietai ir aura \u2013 \u012bpa\u0161s elektromagn\u0113tisks starojums, un visi pie\u0146em to faktu, ka m\u0113s sp\u0113jam apzin\u012bgi ietekm\u0113t uz notikumiem sav\u0101 dz\u012bv\u0113 un kontrol\u0113t sava \u0137erme\u0146a ener\u0123\u0113tiku. Tom\u0113r, kaut k\u0101du iem\u0113slu d\u0113\u013c joproj\u0101m reti izmantojam sava \u0137erm\u0113\u0146a sp\u0113jas, un p\u0101rliekam savas probl\u0113mas uz psihologu un ekstrasensu pleciem, pat ja pa\u0161i varam pal\u012bdz\u0113t sev un saviem m\u012b\u013cajiem. Un atk\u0101l, t\u0101 notiek vien\u012bgi nepiecie\u0161amo zin\u0101\u0161anu un prasmju tr\u016bkuma d\u0113\u013c.<\/p>\n<p>Tie\u0161i lai risin\u0101tu zin\u0101\u0161anu tr\u016bkuma probl\u0113mu, ka ar\u012b lai populariz\u0113t energoinform\u0101cion\u0101l\u0101s prasmes, kuri dot iesp\u0113ju veiksm\u012bgi vad\u012bt savu dz\u012bvi, 15 gadus atpaka\u013c psihologu gruppa Dmitrija Vere\u0161\u010dagina vad\u012bb\u0101 izstr\u0101d\u0101ja\u00a0T\u0101l\u0101kas Energo-Informacion\u0101las Att\u012bst\u012bbas\u00a0(TEIA) Sist\u0113mu. Sist\u0113mas pamat\u0101 \u2013 prasmes un tehnolo\u0123ijas, kas \u013cauj cilv\u0113kam p\u0101r\u0146emt kontroli p\u0101r savu ener\u0123iju, emocij\u0101m, un piesaist\u012bt sav\u0101 dz\u012bv\u0113 vel\u0101mus apst\u0101k\u013cus un pan\u0101kumus. Galv\u0113n\u0101 TEIA Sist\u0113mas at\u0161k\u012br\u012bba no citiem l\u012bdz\u012bgiem metod\u0113m \u2013 t\u0101s praktiskais raksturs un pieejam\u012bba visiem cilv\u0113kiem, neatkar\u012bgi no vecuma un izgl\u012bt\u012bbas, nevis tikai profesion\u0101\u013cu lokam.<\/p>\n<p>TEIA metodika ietver psiholo\u0123iju un ezoteriku, medic\u012bnu un sociolo\u0123iju, intu\u012bcijas un rado\u0161uma attist\u012bbas metodes, ka ar\u012b \u0137\u0113rme\u0146a un pr\u0101ta harmoniz\u0101ciju. Jau 16 gadus Skol\u0101 tiek pasnegti energoinform\u0101cion\u0101l\u0101s mijiedarb\u012bbas ar apk\u0101rt\u0113jo pasauli metodes. T\u0101di, ka ener\u0123ijas kontrole, iek\u0161\u0113jo rezervu aktiviz\u0101cija, aizsardz\u012bba no \u0101r\u0113jas iet\u0113km\u0113s, veiksmes programm\u0113\u0161ana, ietekme uz citiem, harizma un daudz kas cits.<\/p>\n<p>Protams, ir iesp\u0113jams b\u016bt veiksm\u012bgiem, laim\u012bgiem, br\u012bviem. Ta\u010du t\u0101da dz\u012bve nav Salavec\u012b\u0161a d\u0101vana. To var pan\u0101kt tikai pa\u0161am, un tas par\u0101sti ir \u013coti gr\u016bti, ta\u010du noteiktas prasmes padara to iesp\u0113jamu.<\/p>\n<p>Iedom\u0101jaties, ka J\u016bsu domas darbojas efekt\u012bvi tie\u0161i taj\u0101s jom\u0101s kur tas ir v\u0113l\u0101ms. Padom\u0101j\u0101t vien\u0101 veid\u0101 \u2013 samazin\u0101jies asinsspiediens un s\u0101pes pazuda.<em>\u00a0<\/em>Otr\u0101 \u2013 sare\u017e\u0123\u012bta situ\u0101cija ir atrisin\u0101ta neticami vienk\u0101r\u0161i. Tre\u0161\u0101 \u2013 cilv\u0113ks, uz kuru J\u016bs skataties, pagrie\u017eas. Ceturt\u0101 \u2013 un k\u0101dam paliek<em>\u00a0<\/em>viegl\u0101k<em>\u00a0<\/em>ap<em>\u00a0<\/em>sirdi. Piekt\u0101 \u2013 J\u016bs saprotat notikumu gaitu nesakot ne v\u0101rda. Sest\u0101 \u2013 Br\u012bnumain\u0101<em>\u00a0<\/em>veid\u0101 pie Jums non\u0101k vajadz\u012bga inform\u0101cija un cilv\u0113ki. Septit\u0101 \u2013 un J\u016bs s\u0101kat rado\u0161i dom\u0101t jaun\u0101 jom\u0101. Bet dom\u0101\u0161anas veidu ir bezgal\u012bgi daudz.<\/p>\n<p>\u0160odien, cilv\u0113ka pr\u0101ta un \u0137erm\u0113\u0146a neredz\u0101mo sp\u0113ju esam\u012bba un sp\u0113ks, nevienam vairs nav nosl\u0113pums, bet iesp\u0113ja t\u0101s kontrol\u0113t s\u0113n ir zinatn\u012bski pier\u0101d\u012bta. M\u0113s vairs ne\u0161aubamies ka katram dz\u012bvam rad\u012bjumam vai nedz\u012bvai lietai ir aura \u2013 \u012bpa\u0161s elektromagn\u0113tisks starojums, un visi pie\u0146em to faktu, ka m\u0113s sp\u0113jam apzin\u012bgi ietekm\u0113t uz notikumiem sav\u0101 dz\u012bv\u0113 un kontrol\u0113t sava \u0137erme\u0146a ener\u0123\u0113tiku. Tom\u0113r, kaut k\u0101du iem\u0113slu d\u0113\u013c joproj\u0101m reti izmantojam sava \u0137erm\u0113\u0146a sp\u0113jas, un p\u0101rliekam savas probl\u0113mas uz psihologu un ekstrasensu pleciem, pat ja pa\u0161i varam pal\u012bdz\u0113t sev un saviem m\u012b\u013cajiem. Un atk\u0101l, t\u0101 notiek vien\u012bgi nepiecie\u0161amo zin\u0101\u0161anu un prasmju tr\u016bkuma d\u0113\u013c.<\/p>\n<p>Tie\u0161i lai risin\u0101tu zin\u0101\u0161anu tr\u016bkuma probl\u0113mu, ka ar\u012b lai populariz\u0113t energoinform\u0101cion\u0101l\u0101s prasmes, kuri dot iesp\u0113ju veiksm\u012bgi vad\u012bt savu dz\u012bvi, 15 gadus atpaka\u013c psihologu gruppa Dmitrija Vere\u0161\u010dagina vad\u012bb\u0101 izstr\u0101d\u0101ja\u00a0T\u0101l\u0101kas Energo-Informacion\u0101las Att\u012bst\u012bbas\u00a0(TEIA) Sist\u0113mu. Sist\u0113mas pamat\u0101 \u2013 prasmes un tehnolo\u0123ijas, kas \u013cauj cilv\u0113kam p\u0101r\u0146emt kontroli p\u0101r savu ener\u0123iju, emocij\u0101m, un piesaist\u012bt sav\u0101 dz\u012bv\u0113 vel\u0101mus apst\u0101k\u013cus un pan\u0101kumus. Galv\u0113n\u0101 TEIA Sist\u0113mas at\u0161k\u012br\u012bba no citiem l\u012bdz\u012bgiem metod\u0113m \u2013 t\u0101s praktiskais raksturs un pieejam\u012bba visiem cilv\u0113kiem, neatkar\u012bgi no vecuma un izgl\u012bt\u012bbas, nevis tikai profesion\u0101\u013cu lokam.<\/p>\n<p>TEIA metodika ietver psiholo\u0123iju un ezoteriku, medic\u012bnu un sociolo\u0123iju, intu\u012bcijas un rado\u0161uma attist\u012bbas metodes, ka ar\u012b \u0137\u0113rme\u0146a un pr\u0101ta harmoniz\u0101ciju. Jau 16 gadus Skol\u0101 tiek pasnegti energoinform\u0101cion\u0101l\u0101s mijiedarb\u012bbas ar apk\u0101rt\u0113jo pasauli metodes. T\u0101di, ka ener\u0123ijas kontrole, iek\u0161\u0113jo rezervu aktiviz\u0101cija, aizsardz\u012bba no \u0101r\u0113jas iet\u0113km\u0113s, veiksmes programm\u0113\u0161ana, ietekme uz citiem, harizma un daudz kas cits.<\/p>\n<\/div><\/div><\/div><style type=\"text\/css\">.fusion-body .fusion-builder-column-1{width:100% !important;margin-top : 20px;margin-bottom : 20px;}.fusion-builder-column-1 > .fusion-column-wrapper {padding-top : 0px !important;padding-right : 0px !important;margin-right : 1.92%;padding-bottom : 0px !important;padding-left : 0px !important;margin-left : 1.92%;}@media only screen and (max-width:1024px) {.fusion-body .fusion-builder-column-1{width:100% !important;order : 0;}.fusion-builder-column-1 > .fusion-column-wrapper {margin-right : 1.92%;margin-left : 1.92%;}}@media only screen and (max-width:640px) {.fusion-body .fusion-builder-column-1{width:100% !important;order : 0;}.fusion-builder-column-1 > .fusion-column-wrapper {margin-right : 1.92%;margin-left : 1.92%;}}<\/style><\/div><style type=\"text\/css\">.fusion-body .fusion-flex-container.fusion-builder-row-1{ padding-top : 48px;margin-top : 0px;padding-right : 0px;padding-bottom : 60px;margin-bottom : 0px;padding-left : 0px;}@media only screen and (max-width:1024px) {.fusion-body .fusion-flex-container.fusion-builder-row-1{ padding-top : 36px;padding-bottom : 42px;}}@media only screen and (max-width:640px) {.fusion-body .fusion-flex-container.fusion-builder-row-1{ padding-top : 12px;padding-bottom : 40px;}}<\/style><\/div><div class=\"fusion-fullwidth fullwidth-box fusion-builder-row-2 fusion-flex-container nonhundred-percent-fullwidth non-hundred-percent-height-scrolling\" style=\"background-color: rgba(255,255,255,0);background-position: center center;background-repeat: no-repeat;border-width: 0px 0px 0px 0px;border-color:rgba(0,0,0,0.08);border-style:solid;\" ><div class=\"fusion-builder-row fusion-row fusion-flex-align-items-flex-start\" style=\"max-width:1331.2px;margin-left: calc(-4% \/ 2 );margin-right: calc(-4% \/ 2 );\"><div class=\"fusion-layout-column fusion_builder_column fusion-builder-column-2 fusion_builder_column_1_1 1_1 fusion-flex-column\"><div class=\"fusion-column-wrapper fusion-flex-justify-content-flex-start fusion-content-layout-column\" style=\"background-position:left top;background-repeat:no-repeat;-webkit-background-size:cover;-moz-background-size:cover;-o-background-size:cover;background-size:cover;padding: 0px 0px 0px 0px;\"><style type=\"text\/css\">.fusion-accordian  #accordion-6866-1 .panel-title a .fa-fusion-box{ color: #000000;}.fusion-accordian  #accordion-6866-1 .panel-title a .fa-fusion-box:before{ font-size: 24px; width: 24px;}.fusion-accordian  #accordion-6866-1 .panel-title a{font-size:22px;}.fusion-accordian  #accordion-6866-1 .panel-title a:hover, #accordion-6866-1 .fusion-toggle-boxed-mode:hover .panel-title a { color: #f86011;}.fusion-accordian  #accordion-6866-1 .fusion-toggle-boxed-mode:hover .panel-title a .fa-fusion-box{ color: #f86011;}.fusion-accordian  #accordion-6866-1.fusion-toggle-icon-unboxed .fusion-panel .panel-title a:hover .fa-fusion-box{ color: #f86011 !important;}<\/style><div class=\"accordian fusion-accordian\"><div class=\"panel-group fusion-toggle-icon-unboxed\" id=\"accordion-6866-1\" role=\"tablist\"><div class=\"fusion-panel panel-default fusion-toggle-no-divider\" role=\"tabpanel\"><div class=\"panel-heading\"><h4 class=\"panel-title toggle\"><a aria-expanded=\"false\" aria-selected=\"false\" aria-controls=\"a1d3766af19605ddd\" role=\"tab\" data-toggle=\"collapse\" data-parent=\"#accordion-6866-1\" data-target=\"#a1d3766af19605ddd\" href=\"#a1d3766af19605ddd\"><span class=\"fusion-toggle-icon-wrapper\" aria-hidden=\"true\"><i class=\"fa-fusion-box\" aria-hidden=\"true\"><\/i><\/span><span class=\"fusion-toggle-heading\">K\u0101 tie\u0161i notiek apm\u0101c\u012bba?<\/span><\/a><\/h4><\/div><div id=\"a1d3766af19605ddd\" class=\"panel-collapse collapse \"><div class=\"panel-body toggle-content fusion-clearfix\">\n<p>TEIA Sist\u0113m\u0101 apm\u0101c\u012bba s\u0101k\u0101s ar 1. l\u012bmeni, jeb Pak\u0101pi (kas balst\u0101s uz Dmitrija Vere\u0161\u010dagina gr\u0101matas \u201eAtbr\u012bvo\u0161an\u0101s\u201d). Pak\u0101pju izie\u0161ana ir pakapeniska, \u201ep\u0101rlekt p\u0101ri\u201d pak\u0101pem nedr\u012bkst. Pa\u0161laik b\u0101zes kurss sast\u0101v no 5 pak\u0101pem. L\u012bme\u0146u apg\u016b\u0161anas gait\u0101 studentiem paliek pieejami da\u017e\u0101da rakstura papildus semin\u0101ri.<\/p>\n<p><span style=\"color: #ff6600;\">Pirm\u0101 Pak\u0101p\u0113<\/span> \u2013 cilv\u0113ki tiek apm\u0101c\u012bti izmantot un kontrol\u0113t savu ener\u0123\u0113tiku. Rezult\u0101ts \u2013 daudz vair\u0101k br\u012bva laika, apzin\u012bgs pr\u0101ts un br\u012bva zemapzi\u0146a, uzman\u012bba tiek v\u0113rsta uz pa\u0161a cilv\u0113ka v\u0113rt\u012bb\u0101m un m\u0113r\u0137iem.<br \/>\n<span style=\"color: #ff6600;\">Otr\u0101<\/span> \u2013 ir t\u0101 saukt\u0101s programm\u0101s \u2013 uz laimi un veiksmi, efektivit\u0101ti, uz uztic\u012bbu sev. Ka rezult\u0101ts, m\u0113r\u0137i ir viegl\u0101k sasniedzami un apk\u0101rt\u0113jie apst\u0101k\u013ci maz\u0101k ietekm\u0113 m\u016bsu dz\u012bvi.<br \/>\n<span style=\"color: #ff6600;\">Tre\u0161\u0101<\/span> \u2013 iesp\u0113ja ietekm\u0113t citus.<br \/>\n<span style=\"color: #ff6600;\">Ceturt\u0101<\/span> \u2013 rado\u0161ums, intu\u012bcija, netipiska probl\u0113mu risin\u0101\u0161ana, uztic\u0113\u0161an\u0101s iek\u0161\u0113jai balsij.<br \/>\n<span style=\"color: #ff6600;\">Piekt\u0101<\/span> \u2013 dot iesp\u0113ju mijiedarboties ar nejau\u0161\u012bbu, ar to, kas ietekm\u0113 m\u016bs no \u0101rpuses.<\/p>\n<\/div><\/div><\/div><div class=\"fusion-panel panel-default fusion-toggle-no-divider\" role=\"tabpanel\"><div class=\"panel-heading\"><h4 class=\"panel-title toggle\"><a aria-expanded=\"false\" aria-selected=\"false\" aria-controls=\"b55865086d6f62412\" role=\"tab\" data-toggle=\"collapse\" data-parent=\"#accordion-6866-1\" data-target=\"#b55865086d6f62412\" href=\"#b55865086d6f62412\"><span class=\"fusion-toggle-icon-wrapper\" aria-hidden=\"true\"><i class=\"fa-fusion-box\" aria-hidden=\"true\"><\/i><\/span><span class=\"fusion-toggle-heading\">Ko sa\u0146em cilv\u0113ks p\u0113c t\u0101das apm\u0101c\u012bbas? <\/span><\/a><\/h4><\/div><div id=\"b55865086d6f62412\" class=\"panel-collapse collapse \"><div class=\"panel-body toggle-content fusion-clearfix\">\n<p>Apm\u0101c\u012bbas gait\u0101 tiek formul\u0113ta jauna tipa person\u012bba, jauns pasaules uzskats, kas \u013cauj izmantot piln\u012bgi citus meh\u0101nismus soci\u0101l\u0101i mijiedarb\u012bbai. To k\u0101 main\u0101s cilv\u0113ka uzskati var sal\u012bdzin\u0101t ar galda hokeju. Var likties, ka plastmasas hokejisti uzv\u0113d\u0101s \u013coti lo\u0123iski, ta\u010du paties\u012bba tie ir piln\u012bgi atkar\u012bgi no sp\u0113l\u0113t\u0101ja. L\u012bdz\u012bgi, re\u0101l\u0101 pasaul\u0113 cilv\u0113ka uzv\u0113d\u012bbu ietekm\u0113 j\u016btas, v\u0113lmes, kompleksi, citu cilv\u0113ku viedok\u013ci un attieksmes ar tiem cilv\u0113kiem, saj\u016btas sav\u0101 \u0137ermen\u012b un daudz kas cits. Bet ja tu p\u0101r\u0146\u0113m kontroli sav\u0101s rok\u0101s, tu moment\u0101li uzvar\u0113. Veiksmes nosl\u0113pums ir atbr\u012bvot savu pr\u0101tu. Tad, un tikai tad, atkl\u0101jas cilv\u0113ka \u012bstais potenci\u0101ls. Tas ar\u012b ir apm\u0101c\u012bbas m\u0113r\u0137is.<\/p>\n<\/div><\/div><\/div><div class=\"fusion-panel panel-default fusion-toggle-no-divider\" role=\"tabpanel\"><div class=\"panel-heading\"><h4 class=\"panel-title toggle\"><a aria-expanded=\"false\" aria-selected=\"false\" aria-controls=\"dd4be9a1b46715bfb\" role=\"tab\" data-toggle=\"collapse\" data-parent=\"#accordion-6866-1\" data-target=\"#dd4be9a1b46715bfb\" href=\"#dd4be9a1b46715bfb\"><span class=\"fusion-toggle-icon-wrapper\" aria-hidden=\"true\"><i class=\"fa-fusion-box\" aria-hidden=\"true\"><\/i><\/span><span class=\"fusion-toggle-heading\">Kur var pielietot sa\u0146emt\u0101s zin\u0101\u0161anas?<\/span><\/a><\/h4><\/div><div id=\"dd4be9a1b46715bfb\" class=\"panel-collapse collapse \"><div class=\"panel-body toggle-content fusion-clearfix\">\n<p>TEIA metodikas ir iesp\u0113jams pielietot \u013coti pla\u0161i, atrisinot probl\u0113mas \u0123imen\u0113, biznes\u0101, sabiedr\u012bb\u0101, atbr\u012bvojoties no kompleksiem un psiholo\u0123iskiem blokiem, rado\u0161o sp\u0113ju att\u012bst\u012bb\u0101, efekt\u012bvas darb\u012bbas stimul\u0113\u0161anai, labsaj\u016btas veido\u0161anai<em>.\u00a0<\/em>Liela uzman\u012bba tiek piev\u0113rsta l\u012bdera \u012bpa\u0161\u012bbu attist\u012bbai, jo veiksm\u012bgiem cilv\u0113kiem ta\u010du ir tikpat daudz k\u0101ju un roku,\u00a0vi\u0146i vienkar\u0161i sp\u0113j dom\u0101t cit\u0101di.<\/p>\n<\/div><\/div><\/div><\/div><\/div><\/div><\/div><style type=\"text\/css\">.fusion-body .fusion-builder-column-2{width:100% !important;margin-top : 20px;margin-bottom : 20px;}.fusion-builder-column-2 > .fusion-column-wrapper {padding-top : 0px !important;padding-right : 0px !important;margin-right : 1.92%;padding-bottom : 0px !important;padding-left : 0px !important;margin-left : 1.92%;}@media only screen and (max-width:1024px) {.fusion-body .fusion-builder-column-2{width:100% !important;order : 0;}.fusion-builder-column-2 > .fusion-column-wrapper {margin-right : 1.92%;margin-left : 1.92%;}}@media only screen and (max-width:640px) {.fusion-body .fusion-builder-column-2{width:100% !important;order : 0;}.fusion-builder-column-2 > .fusion-column-wrapper {margin-right : 1.92%;margin-left : 1.92%;}}<\/style><\/div><style type=\"text\/css\">.fusion-body .fusion-flex-container.fusion-builder-row-2{ padding-top : 0px;margin-top : 0px;padding-right : 0px;padding-bottom : 0px;margin-bottom : 0px;padding-left : 0px;}<\/style><\/div><\/p>\n","protected":false},"excerpt":{"rendered":"","protected":false},"author":2,"featured_media":0,"parent":0,"menu_order":0,"comment_status":"closed","ping_status":"closed","template":"100-width.php","meta":{"footnotes":""},"class_list":["post-6866","page","type-page","status-publish","hentry"],"yoast_head":"<!-- This site is optimized with the Yoast SEO plugin v27.4 - https:\/\/yoast.com\/product\/yoast-seo-wordpress\/ -->\n<title>Par skolu - TEIA skola<\/title>\n<meta name=\"robots\" content=\"index, follow, max-snippet:-1, max-image-preview:large, max-video-preview:-1\" \/>\n<link rel=\"canonical\" href=\"https:\/\/deir.lv\/lv\/par-skolu\/\" \/>\n<meta property=\"og:locale\" content=\"lv_LV\" \/>\n<meta property=\"og:type\" content=\"article\" \/>\n<meta property=\"og:title\" content=\"Par skolu - TEIA skola\" \/>\n<meta property=\"og:url\" content=\"https:\/\/deir.lv\/lv\/par-skolu\/\" \/>\n<meta property=\"og:site_name\" content=\"\u0428\u043a\u043e\u043b\u0430 \u0414\u042d\u0418\u0420\" \/>\n<meta property=\"article:modified_time\" content=\"2020-08-18T23:02:12+00:00\" \/>\n<meta name=\"twitter:card\" content=\"summary_large_image\" \/>\n<meta name=\"twitter:label1\" content=\"Est. reading time\" \/>\n\t<meta name=\"twitter:data1\" content=\"15 minutes\" \/>\n<script type=\"application\/ld+json\" class=\"yoast-schema-graph\">{\"@context\":\"https:\\\/\\\/schema.org\",\"@graph\":[{\"@type\":\"WebPage\",\"@id\":\"https:\\\/\\\/deir.lv\\\/lv\\\/par-skolu\\\/\",\"url\":\"https:\\\/\\\/deir.lv\\\/lv\\\/par-skolu\\\/\",\"name\":\"Par skolu - TEIA skola\",\"isPartOf\":{\"@id\":\"https:\\\/\\\/deir.lv\\\/ru\\\/#website\"},\"datePublished\":\"2020-08-18T23:01:40+00:00\",\"dateModified\":\"2020-08-18T23:02:12+00:00\",\"breadcrumb\":{\"@id\":\"https:\\\/\\\/deir.lv\\\/lv\\\/par-skolu\\\/#breadcrumb\"},\"inLanguage\":\"lv-LV\",\"potentialAction\":[{\"@type\":\"ReadAction\",\"target\":[\"https:\\\/\\\/deir.lv\\\/lv\\\/par-skolu\\\/\"]}]},{\"@type\":\"BreadcrumbList\",\"@id\":\"https:\\\/\\\/deir.lv\\\/lv\\\/par-skolu\\\/#breadcrumb\",\"itemListElement\":[{\"@type\":\"ListItem\",\"position\":1,\"name\":\"\u0413\u043b\u0430\u0432\u043d\u0430\u044f \u0441\u0442\u0440\u0430\u043d\u0438\u0446\u0430\",\"item\":\"https:\\\/\\\/deir.lv\\\/lv\\\/\"},{\"@type\":\"ListItem\",\"position\":2,\"name\":\"Par skolu\"}]},{\"@type\":\"WebSite\",\"@id\":\"https:\\\/\\\/deir.lv\\\/ru\\\/#website\",\"url\":\"https:\\\/\\\/deir.lv\\\/ru\\\/\",\"name\":\"\u0428\u043a\u043e\u043b\u0430 \u0414\u042d\u0418\u0420\",\"description\":\"\u0421\u0442\u0440\u0435\u043c\u0438\u0442\u0435\u0441\u044c \u0423\u0447\u0438\u0442\u044c\u0441\u044f \u041b\u0443\u0447\u0448\u0435\u043c\u0443!\",\"potentialAction\":[{\"@type\":\"SearchAction\",\"target\":{\"@type\":\"EntryPoint\",\"urlTemplate\":\"https:\\\/\\\/deir.lv\\\/ru\\\/?s={search_term_string}\"},\"query-input\":{\"@type\":\"PropertyValueSpecification\",\"valueRequired\":true,\"valueName\":\"search_term_string\"}}],\"inLanguage\":\"lv-LV\"}]}<\/script>\n<!-- \/ Yoast SEO plugin. -->","yoast_head_json":{"title":"Par skolu - TEIA skola","robots":{"index":"index","follow":"follow","max-snippet":"max-snippet:-1","max-image-preview":"max-image-preview:large","max-video-preview":"max-video-preview:-1"},"canonical":"https:\/\/deir.lv\/lv\/par-skolu\/","og_locale":"lv_LV","og_type":"article","og_title":"Par skolu - TEIA skola","og_url":"https:\/\/deir.lv\/lv\/par-skolu\/","og_site_name":"\u0428\u043a\u043e\u043b\u0430 \u0414\u042d\u0418\u0420","article_modified_time":"2020-08-18T23:02:12+00:00","twitter_card":"summary_large_image","twitter_misc":{"Est. reading time":"15 minutes"},"schema":{"@context":"https:\/\/schema.org","@graph":[{"@type":"WebPage","@id":"https:\/\/deir.lv\/lv\/par-skolu\/","url":"https:\/\/deir.lv\/lv\/par-skolu\/","name":"Par skolu - TEIA skola","isPartOf":{"@id":"https:\/\/deir.lv\/ru\/#website"},"datePublished":"2020-08-18T23:01:40+00:00","dateModified":"2020-08-18T23:02:12+00:00","breadcrumb":{"@id":"https:\/\/deir.lv\/lv\/par-skolu\/#breadcrumb"},"inLanguage":"lv-LV","potentialAction":[{"@type":"ReadAction","target":["https:\/\/deir.lv\/lv\/par-skolu\/"]}]},{"@type":"BreadcrumbList","@id":"https:\/\/deir.lv\/lv\/par-skolu\/#breadcrumb","itemListElement":[{"@type":"ListItem","position":1,"name":"\u0413\u043b\u0430\u0432\u043d\u0430\u044f \u0441\u0442\u0440\u0430\u043d\u0438\u0446\u0430","item":"https:\/\/deir.lv\/lv\/"},{"@type":"ListItem","position":2,"name":"Par skolu"}]},{"@type":"WebSite","@id":"https:\/\/deir.lv\/ru\/#website","url":"https:\/\/deir.lv\/ru\/","name":"\u0428\u043a\u043e\u043b\u0430 \u0414\u042d\u0418\u0420","description":"\u0421\u0442\u0440\u0435\u043c\u0438\u0442\u0435\u0441\u044c \u0423\u0447\u0438\u0442\u044c\u0441\u044f \u041b\u0443\u0447\u0448\u0435\u043c\u0443!","potentialAction":[{"@type":"SearchAction","target":{"@type":"EntryPoint","urlTemplate":"https:\/\/deir.lv\/ru\/?s={search_term_string}"},"query-input":{"@type":"PropertyValueSpecification","valueRequired":true,"valueName":"search_term_string"}}],"inLanguage":"lv-LV"}]}},"_links":{"self":[{"href":"https:\/\/deir.lv\/lv\/wp-json\/wp\/v2\/pages\/6866","targetHints":{"allow":["GET"]}}],"collection":[{"href":"https:\/\/deir.lv\/lv\/wp-json\/wp\/v2\/pages"}],"about":[{"href":"https:\/\/deir.lv\/lv\/wp-json\/wp\/v2\/types\/page"}],"author":[{"embeddable":true,"href":"https:\/\/deir.lv\/lv\/wp-json\/wp\/v2\/users\/2"}],"replies":[{"embeddable":true,"href":"https:\/\/deir.lv\/lv\/wp-json\/wp\/v2\/comments?post=6866"}],"version-history":[{"count":1,"href":"https:\/\/deir.lv\/lv\/wp-json\/wp\/v2\/pages\/6866\/revisions"}],"predecessor-version":[{"id":6868,"href":"https:\/\/deir.lv\/lv\/wp-json\/wp\/v2\/pages\/6866\/revisions\/6868"}],"wp:attachment":[{"href":"https:\/\/deir.lv\/lv\/wp-json\/wp\/v2\/media?parent=6866"}],"curies":[{"name":"wp","href":"https:\/\/api.w.org\/{rel}","templated":true}]}}