{"id":6887,"date":"2020-08-19T02:24:04","date_gmt":"2020-08-18T23:24:04","guid":{"rendered":"https:\/\/deir.lv\/?page_id=6887"},"modified":"2026-02-14T15:12:46","modified_gmt":"2026-02-14T12:12:46","slug":"nodarbibu-saraksts","status":"publish","type":"page","link":"https:\/\/deir.lv\/lv\/nodarbibu-saraksts\/","title":{"rendered":"Nodarb\u012bbu saraksts"},"content":{"rendered":"<p><div class=\"fusion-fullwidth fullwidth-box fusion-builder-row-1 fusion-flex-container nonhundred-percent-fullwidth non-hundred-percent-height-scrolling\" style=\"background-color: #f86011;background-position: center center;background-repeat: no-repeat;border-width: 0px 0px 0px 0px;border-color:rgba(0,0,0,0.08);border-style:solid;\" ><div class=\"fusion-builder-row fusion-row fusion-flex-align-items-flex-start fusion-flex-justify-content-center\" style=\"max-width:1331.2px;margin-left: calc(-4% \/ 2 );margin-right: calc(-4% \/ 2 );\"><div class=\"fusion-layout-column fusion_builder_column fusion-builder-column-0 fusion_builder_column_3_5 3_5 fusion-flex-column fusion-animated\" data-animationType=\"fadeInDown\" data-animationDuration=\"1.6\" data-animationOffset=\"100%\"><div class=\"fusion-column-wrapper fusion-flex-justify-content-flex-start fusion-content-layout-column\" style=\"background-position:left top;background-repeat:no-repeat;-webkit-background-size:cover;-moz-background-size:cover;-o-background-size:cover;background-size:cover;padding: 0px 0px 0px 0px;\"><style type=\"text\/css\">@media only screen and (max-width:1024px) {.fusion-title.fusion-title-1{margin-top:12px!important;margin-bottom:24px!important;}}@media only screen and (max-width:640px) {.fusion-title.fusion-title-1{margin-top:12px!important;margin-bottom:24px!important;}}<\/style><div class=\"fusion-title title fusion-title-1 fusion-sep-none fusion-title-center fusion-title-text fusion-title-size-one\" style=\"margin-top:12px;margin-bottom:24px;\"><h1 class=\"title-heading-center\" style=\"margin:0;color:#ffffff;\">Nodarb\u012bbu saraksts<\/h1><\/div><div class=\"fusion-text fusion-text-1\" style=\"text-align:center;font-size:30px;line-height:1.4em;letter-spacing:-0.02em;\"><p><span style=\"color: #ffffff;\">Nodarb\u012bbu saraksts uz 2025. gadu<\/span><\/p>\n<\/div><\/div><\/div><style type=\"text\/css\">.fusion-body .fusion-builder-column-0{width:60% !important;margin-top : 20px;margin-bottom : 20px;}.fusion-builder-column-0 > .fusion-column-wrapper {padding-top : 0px !important;padding-right : 0px !important;margin-right : 3.2%;padding-bottom : 0px !important;padding-left : 0px !important;margin-left : 3.2%;}@media only screen and (max-width:1024px) {.fusion-body .fusion-builder-column-0{width:80% !important;margin-bottom : 48px;}.fusion-builder-column-0 > .fusion-column-wrapper {margin-right : 2.4%;margin-left : 2.4%;}}@media only screen and (max-width:640px) {.fusion-body .fusion-builder-column-0{width:100% !important;margin-bottom : 32px;}.fusion-builder-column-0 > .fusion-column-wrapper {margin-right : 1.92%;margin-left : 1.92%;}}<\/style><\/div><style type=\"text\/css\">.fusion-body .fusion-flex-container.fusion-builder-row-1{ padding-top : 60px;margin-top : 0px;padding-right : 0px;padding-bottom : 60px;margin-bottom : 0px;padding-left : 0px;}@media only screen and (max-width:1024px) {.fusion-body .fusion-flex-container.fusion-builder-row-1{ padding-top : 36px;padding-bottom : 20px;}}@media only screen and (max-width:640px) {.fusion-body .fusion-flex-container.fusion-builder-row-1{ padding-top : 12px;padding-bottom : 0px;}}<\/style><\/div><div class=\"fusion-fullwidth fullwidth-box fusion-builder-row-2 fusion-flex-container nonhundred-percent-fullwidth non-hundred-percent-height-scrolling\" style=\"background-color: rgba(255,255,255,0);background-position: center center;background-repeat: no-repeat;border-width: 0px 0px 0px 0px;border-color:rgba(0,0,0,0.08);border-style:solid;\" ><div class=\"fusion-builder-row fusion-row fusion-flex-align-items-center fusion-flex-justify-content-center\" style=\"max-width:1331.2px;margin-left: calc(-4% \/ 2 );margin-right: calc(-4% \/ 2 );\"><div class=\"fusion-layout-column fusion_builder_column fusion-builder-column-1 fusion_builder_column_1_1 1_1 fusion-flex-column\"><div class=\"fusion-column-wrapper fusion-flex-justify-content-flex-start fusion-content-layout-column\" style=\"background-position:left top;background-repeat:no-repeat;-webkit-background-size:cover;-moz-background-size:cover;-o-background-size:cover;background-size:cover;padding: 0px 0px 0px 0px;\"><div class=\"fusion-text fusion-text-2\" style=\"text-align:center;font-size:24px;line-height:1.4em;letter-spacing:-0.02em;\"><p style=\"text-align: center;\"><span style=\"color: #000000;\">Nodarb\u012bbu s\u0101kums darba dien\u0101s: 18:30. <strong>Br\u012bvdienas<\/strong> &#8211; saska\u0146\u0101 ar grafiku.<\/span><br \/>\n<span style=\"color: #000000;\">Pieraksts uz nodarb\u012bb\u0101m ir oblig\u0101ts pa telefona numuru +371 29240110.<\/span><\/p>\n<\/div><\/div><\/div><style type=\"text\/css\">.fusion-body .fusion-builder-column-1{width:100% !important;margin-top : 20px;margin-bottom : 20px;}.fusion-builder-column-1 > .fusion-column-wrapper {padding-top : 0px !important;padding-right : 0px !important;margin-right : 1.92%;padding-bottom : 0px !important;padding-left : 0px !important;margin-left : 1.92%;}@media only screen and (max-width:1024px) {.fusion-body .fusion-builder-column-1{width:100% !important;order : 0;}.fusion-builder-column-1 > .fusion-column-wrapper {margin-right : 1.92%;margin-left : 1.92%;}}@media only screen and (max-width:640px) {.fusion-body .fusion-builder-column-1{width:100% !important;order : 0;}.fusion-builder-column-1 > .fusion-column-wrapper {margin-right : 1.92%;margin-left : 1.92%;}}<\/style><div class=\"fusion-layout-column fusion_builder_column fusion-builder-column-2 fusion_builder_column_3_4 3_4 fusion-flex-column\"><div class=\"fusion-column-wrapper fusion-flex-justify-content-flex-start fusion-content-layout-column\" style=\"background-position:left top;background-repeat:no-repeat;-webkit-background-size:cover;-moz-background-size:cover;-o-background-size:cover;background-size:cover;padding: 0px 0px 0px 0px;\">\n<div class=\"table-2\">\n<table width=\"100%\">\n<thead>\n<tr>\n<th style=\"text-align: center;\" align=\"left\">Datums<\/th>\n<th style=\"text-align: center;\" align=\"left\">Nosaukums<\/th>\n<\/tr>\n<\/thead>\n<tbody>\n<tr>\n<td style=\"text-align: center;\" align=\"left\">4.03.<\/td>\n<td style=\"text-align: center;\" align=\"left\">Fona nodarb\u012bba Sievie\u0161u viln\u012b<\/td>\n<\/tr>\n<tr>\n<td style=\"text-align: center;\" align=\"left\">5.03.<\/td>\n<td style=\"text-align: center;\" align=\"left\">Fona nodarb\u012bba<\/td>\n<\/tr>\n<tr>\n<td style=\"text-align: center;\" align=\"left\">9.03.<\/td>\n<td style=\"text-align: center;\" align=\"left\">Semin\u0101rs &#8220;Sap\u0146i&#8221;-2<\/td>\n<\/tr>\n<tr>\n<td style=\"text-align: center;\" align=\"left\">10.03.<\/td>\n<td style=\"text-align: center;\" align=\"left\">Dzimtas ener\u0123ija<\/td>\n<\/tr>\n<tr>\n<td style=\"text-align: center;\" align=\"left\">11.03.<\/td>\n<td style=\"text-align: center;\" align=\"left\">Fona nodarb\u012bba &#8211; 5. pak\u0101pe<\/td>\n<\/tr>\n<tr>\n<td style=\"text-align: center;\" align=\"left\">12.03.<\/td>\n<td style=\"text-align: center;\" align=\"left\">III Pak\u0101pe<\/td>\n<\/tr>\n<tr>\n<td style=\"text-align: center;\" align=\"left\">21.03.<\/td>\n<td style=\"text-align: center;\" align=\"left\">PAVASARA SAULGRIE\u017dI &#8211; Pokai\u0146u mens<\/td>\n<\/tr>\n<tr>\n<td style=\"text-align: center;\" align=\"left\">28.-29.03.<\/td>\n<td style=\"text-align: center;\" align=\"left\">Semin\u0101rs &#8220;V\u012brie\u0161u&#8221;<\/td>\n<\/tr>\n<tr>\n<td style=\"text-align: center;\" align=\"left\">30.03.-2.04.<\/td>\n<td style=\"text-align: center;\" align=\"left\">Kask\u0101da fona nodarb\u012bba \u00a0&#8220;Labkl\u0101j\u012bba&#8221;<\/td>\n<\/tr>\n<\/tbody>\n<\/table>\n<\/div>\n<\/div><\/div><style type=\"text\/css\">.fusion-body .fusion-builder-column-2{width:75% !important;margin-top : 20px;margin-bottom : 20px;}.fusion-builder-column-2 > .fusion-column-wrapper {padding-top : 0px !important;padding-right : 0px !important;margin-right : 2.56%;padding-bottom : 0px !important;padding-left : 0px !important;margin-left : 2.56%;}@media only screen and (max-width:1024px) {.fusion-body .fusion-builder-column-2{width:75% !important;order : 0;}.fusion-builder-column-2 > .fusion-column-wrapper {margin-right : 2.56%;margin-left : 2.56%;}}@media only screen and (max-width:640px) {.fusion-body .fusion-builder-column-2{width:100% !important;order : 0;}.fusion-builder-column-2 > .fusion-column-wrapper {margin-right : 1.92%;margin-left : 1.92%;}}<\/style><div class=\"fusion-layout-column fusion_builder_column fusion-builder-column-3 fusion_builder_column_3_4 3_4 fusion-flex-column\"><div class=\"fusion-column-wrapper fusion-flex-justify-content-flex-start fusion-content-layout-column\" style=\"background-position:left top;background-repeat:no-repeat;-webkit-background-size:cover;-moz-background-size:cover;-o-background-size:cover;background-size:cover;padding: 0px 0px 0px 0px;\">\n<div class=\"table-2\">\n<table width=\"100%\">\n<thead>\n<tr>\n<th style=\"text-align: center;\" align=\"left\">Datums<\/th>\n<th style=\"text-align: center;\" align=\"left\">Nosaukums<\/th>\n<\/tr>\n<\/thead>\n<tbody>\n<tr>\n<td style=\"text-align: center;\" align=\"left\">7.-10.04.<\/td>\n<td style=\"text-align: center;\" align=\"left\">Kask\u0101da fona nodarb\u012bba &#8220;Vesel\u012bba&#8221;<\/td>\n<\/tr>\n<tr>\n<td style=\"text-align: center;\" align=\"left\">15.04.<\/td>\n<td style=\"text-align: center;\" align=\"left\">Lielais m\u0113r\u0137is +Karma<\/td>\n<\/tr>\n<tr>\n<td style=\"text-align: center;\" align=\"left\">16.04.<\/td>\n<td style=\"text-align: center;\" align=\"left\">Fona nodarb\u012bba<\/td>\n<\/tr>\n<tr>\n<td style=\"text-align: center;\" align=\"left\">22.04.<\/td>\n<td style=\"text-align: center;\" align=\"left\">Dv\u0113seles matr\u012bcas t\u012br\u012b\u0161ana<\/td>\n<\/tr>\n<tr>\n<td style=\"text-align: center;\" align=\"left\">23.04.<\/td>\n<td style=\"text-align: center;\" align=\"left\">Fona nodarb\u012bba<\/td>\n<\/tr>\n<\/tbody>\n<\/table>\n<\/div>\n<\/div><\/div><style type=\"text\/css\">.fusion-body .fusion-builder-column-3{width:75% !important;margin-top : 20px;margin-bottom : 20px;}.fusion-builder-column-3 > .fusion-column-wrapper {padding-top : 0px !important;padding-right : 0px !important;margin-right : 2.56%;padding-bottom : 0px !important;padding-left : 0px !important;margin-left : 2.56%;}@media only screen and (max-width:1024px) {.fusion-body .fusion-builder-column-3{width:75% !important;order : 0;}.fusion-builder-column-3 > .fusion-column-wrapper {margin-right : 2.56%;margin-left : 2.56%;}}@media only screen and (max-width:640px) {.fusion-body .fusion-builder-column-3{width:100% !important;order : 0;}.fusion-builder-column-3 > .fusion-column-wrapper {margin-right : 1.92%;margin-left : 1.92%;}}<\/style><div class=\"fusion-layout-column fusion_builder_column fusion-builder-column-4 fusion_builder_column_3_4 3_4 fusion-flex-column\"><div class=\"fusion-column-wrapper fusion-flex-justify-content-flex-start fusion-content-layout-column\" style=\"background-position:left top;background-repeat:no-repeat;-webkit-background-size:cover;-moz-background-size:cover;-o-background-size:cover;background-size:cover;padding: 0px 0px 0px 0px;\">\n<div class=\"table-2\">\n<table width=\"100%\">\n<thead>\n<tr>\n<th style=\"text-align: center;\" align=\"left\">Datums<\/th>\n<th style=\"text-align: center;\" align=\"left\">Nosaukums<\/th>\n<\/tr>\n<\/thead>\n<tbody>\n<tr>\n<td style=\"text-align: center;\" align=\"left\">1.-3.05.<\/td>\n<td style=\"text-align: center;\" align=\"left\">Semin\u0101rs &#8220;Dz\u012bves ma\u0123isk\u0101 konstu\u0113\u0161ana&#8221;<\/td>\n<\/tr>\n<tr>\n<td style=\"text-align: center;\" align=\"left\">13.05.<\/td>\n<td style=\"text-align: center;\" align=\"left\">Semin\u0101rs &#8220;Sap\u0146i&#8221;-3<\/td>\n<\/tr>\n<tr>\n<td style=\"text-align: center;\" align=\"left\">14.05.<\/td>\n<td style=\"text-align: center;\" align=\"left\">Fona nodarb\u012bba+ Lielais m\u0113r\u0137is<\/td>\n<\/tr>\n<tr>\n<td style=\"text-align: center;\" align=\"left\">21.06.<\/td>\n<td style=\"text-align: center;\" align=\"left\">Vasaras Saulgrie\u017ei &#8211; Pokai\u0146u me\u017e\u0161<\/td>\n<\/tr>\n<tr>\n<td style=\"text-align: center;\" align=\"left\">31.07.-2.08.<\/td>\n<td style=\"text-align: center;\" align=\"left\">Izbraukuma retr\u012bts &#8220;Dz\u012bves deja&#8221;<\/td>\n<\/tr>\n<\/tbody>\n<\/table>\n<\/div>\n<\/div><\/div><style type=\"text\/css\">.fusion-body .fusion-builder-column-4{width:75% !important;margin-top : 20px;margin-bottom : 20px;}.fusion-builder-column-4 > .fusion-column-wrapper {padding-top : 0px !important;padding-right : 0px !important;margin-right : 2.56%;padding-bottom : 0px !important;padding-left : 0px !important;margin-left : 2.56%;}@media only screen and (max-width:1024px) {.fusion-body .fusion-builder-column-4{width:75% !important;order : 0;}.fusion-builder-column-4 > .fusion-column-wrapper {margin-right : 2.56%;margin-left : 2.56%;}}@media only screen and (max-width:640px) {.fusion-body .fusion-builder-column-4{width:100% !important;order : 0;}.fusion-builder-column-4 > .fusion-column-wrapper {margin-right : 1.92%;margin-left : 1.92%;}}<\/style><\/div><style type=\"text\/css\">.fusion-body .fusion-flex-container.fusion-builder-row-2{ padding-top : 5%;margin-top : 0px;padding-right : 0px;padding-bottom : 5%;margin-bottom : 0px;padding-left : 0px;}@media only screen and (max-width:1024px) {.fusion-body .fusion-flex-container.fusion-builder-row-2{ padding-top : 24px;padding-bottom : 24px;}}<\/style><\/div><\/p>\n","protected":false},"excerpt":{"rendered":"","protected":false},"author":2,"featured_media":0,"parent":0,"menu_order":0,"comment_status":"closed","ping_status":"closed","template":"100-width.php","meta":{"footnotes":""},"class_list":["post-6887","page","type-page","status-publish","hentry"],"yoast_head":"<!-- This site is optimized with the Yoast SEO plugin v27.5 - https:\/\/yoast.com\/product\/yoast-seo-wordpress\/ -->\n<title>Nodarb\u012bbu saraksts - \u0428\u043a\u043e\u043b\u0430 \u0414\u042d\u0418\u0420<\/title>\n<meta name=\"robots\" content=\"index, follow, max-snippet:-1, max-image-preview:large, max-video-preview:-1\" \/>\n<link rel=\"canonical\" href=\"https:\/\/deir.lv\/lv\/nodarbibu-saraksts\/\" \/>\n<meta property=\"og:locale\" content=\"lv_LV\" \/>\n<meta property=\"og:type\" content=\"article\" \/>\n<meta property=\"og:title\" content=\"Nodarb\u012bbu saraksts - \u0428\u043a\u043e\u043b\u0430 \u0414\u042d\u0418\u0420\" \/>\n<meta property=\"og:url\" content=\"https:\/\/deir.lv\/lv\/nodarbibu-saraksts\/\" \/>\n<meta property=\"og:site_name\" content=\"\u0428\u043a\u043e\u043b\u0430 \u0414\u042d\u0418\u0420\" \/>\n<meta property=\"article:modified_time\" content=\"2026-02-14T12:12:46+00:00\" \/>\n<meta name=\"twitter:card\" content=\"summary_large_image\" \/>\n<meta name=\"twitter:label1\" content=\"Est. reading time\" \/>\n\t<meta name=\"twitter:data1\" content=\"5 minutes\" \/>\n<script type=\"application\/ld+json\" class=\"yoast-schema-graph\">{\"@context\":\"https:\\\/\\\/schema.org\",\"@graph\":[{\"@type\":\"WebPage\",\"@id\":\"https:\\\/\\\/deir.lv\\\/lv\\\/nodarbibu-saraksts\\\/\",\"url\":\"https:\\\/\\\/deir.lv\\\/lv\\\/nodarbibu-saraksts\\\/\",\"name\":\"Nodarb\u012bbu saraksts - \u0428\u043a\u043e\u043b\u0430 \u0414\u042d\u0418\u0420\",\"isPartOf\":{\"@id\":\"https:\\\/\\\/deir.lv\\\/ru\\\/#website\"},\"datePublished\":\"2020-08-18T23:24:04+00:00\",\"dateModified\":\"2026-02-14T12:12:46+00:00\",\"breadcrumb\":{\"@id\":\"https:\\\/\\\/deir.lv\\\/lv\\\/nodarbibu-saraksts\\\/#breadcrumb\"},\"inLanguage\":\"lv-LV\",\"potentialAction\":[{\"@type\":\"ReadAction\",\"target\":[\"https:\\\/\\\/deir.lv\\\/lv\\\/nodarbibu-saraksts\\\/\"]}]},{\"@type\":\"BreadcrumbList\",\"@id\":\"https:\\\/\\\/deir.lv\\\/lv\\\/nodarbibu-saraksts\\\/#breadcrumb\",\"itemListElement\":[{\"@type\":\"ListItem\",\"position\":1,\"name\":\"\u0413\u043b\u0430\u0432\u043d\u0430\u044f \u0441\u0442\u0440\u0430\u043d\u0438\u0446\u0430\",\"item\":\"https:\\\/\\\/deir.lv\\\/lv\\\/\"},{\"@type\":\"ListItem\",\"position\":2,\"name\":\"Nodarb\u012bbu saraksts\"}]},{\"@type\":\"WebSite\",\"@id\":\"https:\\\/\\\/deir.lv\\\/ru\\\/#website\",\"url\":\"https:\\\/\\\/deir.lv\\\/ru\\\/\",\"name\":\"\u0428\u043a\u043e\u043b\u0430 \u0414\u042d\u0418\u0420\",\"description\":\"\u0421\u0442\u0440\u0435\u043c\u0438\u0442\u0435\u0441\u044c \u0423\u0447\u0438\u0442\u044c\u0441\u044f \u041b\u0443\u0447\u0448\u0435\u043c\u0443!\",\"potentialAction\":[{\"@type\":\"SearchAction\",\"target\":{\"@type\":\"EntryPoint\",\"urlTemplate\":\"https:\\\/\\\/deir.lv\\\/ru\\\/?s={search_term_string}\"},\"query-input\":{\"@type\":\"PropertyValueSpecification\",\"valueRequired\":true,\"valueName\":\"search_term_string\"}}],\"inLanguage\":\"lv-LV\"}]}<\/script>\n<!-- \/ Yoast SEO plugin. -->","yoast_head_json":{"title":"Nodarb\u012bbu saraksts - \u0428\u043a\u043e\u043b\u0430 \u0414\u042d\u0418\u0420","robots":{"index":"index","follow":"follow","max-snippet":"max-snippet:-1","max-image-preview":"max-image-preview:large","max-video-preview":"max-video-preview:-1"},"canonical":"https:\/\/deir.lv\/lv\/nodarbibu-saraksts\/","og_locale":"lv_LV","og_type":"article","og_title":"Nodarb\u012bbu saraksts - \u0428\u043a\u043e\u043b\u0430 \u0414\u042d\u0418\u0420","og_url":"https:\/\/deir.lv\/lv\/nodarbibu-saraksts\/","og_site_name":"\u0428\u043a\u043e\u043b\u0430 \u0414\u042d\u0418\u0420","article_modified_time":"2026-02-14T12:12:46+00:00","twitter_card":"summary_large_image","twitter_misc":{"Est. reading time":"5 minutes"},"schema":{"@context":"https:\/\/schema.org","@graph":[{"@type":"WebPage","@id":"https:\/\/deir.lv\/lv\/nodarbibu-saraksts\/","url":"https:\/\/deir.lv\/lv\/nodarbibu-saraksts\/","name":"Nodarb\u012bbu saraksts - \u0428\u043a\u043e\u043b\u0430 \u0414\u042d\u0418\u0420","isPartOf":{"@id":"https:\/\/deir.lv\/ru\/#website"},"datePublished":"2020-08-18T23:24:04+00:00","dateModified":"2026-02-14T12:12:46+00:00","breadcrumb":{"@id":"https:\/\/deir.lv\/lv\/nodarbibu-saraksts\/#breadcrumb"},"inLanguage":"lv-LV","potentialAction":[{"@type":"ReadAction","target":["https:\/\/deir.lv\/lv\/nodarbibu-saraksts\/"]}]},{"@type":"BreadcrumbList","@id":"https:\/\/deir.lv\/lv\/nodarbibu-saraksts\/#breadcrumb","itemListElement":[{"@type":"ListItem","position":1,"name":"\u0413\u043b\u0430\u0432\u043d\u0430\u044f \u0441\u0442\u0440\u0430\u043d\u0438\u0446\u0430","item":"https:\/\/deir.lv\/lv\/"},{"@type":"ListItem","position":2,"name":"Nodarb\u012bbu saraksts"}]},{"@type":"WebSite","@id":"https:\/\/deir.lv\/ru\/#website","url":"https:\/\/deir.lv\/ru\/","name":"\u0428\u043a\u043e\u043b\u0430 \u0414\u042d\u0418\u0420","description":"\u0421\u0442\u0440\u0435\u043c\u0438\u0442\u0435\u0441\u044c \u0423\u0447\u0438\u0442\u044c\u0441\u044f \u041b\u0443\u0447\u0448\u0435\u043c\u0443!","potentialAction":[{"@type":"SearchAction","target":{"@type":"EntryPoint","urlTemplate":"https:\/\/deir.lv\/ru\/?s={search_term_string}"},"query-input":{"@type":"PropertyValueSpecification","valueRequired":true,"valueName":"search_term_string"}}],"inLanguage":"lv-LV"}]}},"_links":{"self":[{"href":"https:\/\/deir.lv\/lv\/wp-json\/wp\/v2\/pages\/6887","targetHints":{"allow":["GET"]}}],"collection":[{"href":"https:\/\/deir.lv\/lv\/wp-json\/wp\/v2\/pages"}],"about":[{"href":"https:\/\/deir.lv\/lv\/wp-json\/wp\/v2\/types\/page"}],"author":[{"embeddable":true,"href":"https:\/\/deir.lv\/lv\/wp-json\/wp\/v2\/users\/2"}],"replies":[{"embeddable":true,"href":"https:\/\/deir.lv\/lv\/wp-json\/wp\/v2\/comments?post=6887"}],"version-history":[{"count":1,"href":"https:\/\/deir.lv\/lv\/wp-json\/wp\/v2\/pages\/6887\/revisions"}],"predecessor-version":[{"id":7559,"href":"https:\/\/deir.lv\/lv\/wp-json\/wp\/v2\/pages\/6887\/revisions\/7559"}],"wp:attachment":[{"href":"https:\/\/deir.lv\/lv\/wp-json\/wp\/v2\/media?parent=6887"}],"curies":[{"name":"wp","href":"https:\/\/api.w.org\/{rel}","templated":true}]}}