{"id":6975,"date":"2020-08-19T18:44:46","date_gmt":"2020-08-19T15:44:46","guid":{"rendered":"https:\/\/deir.lv\/?page_id=6975"},"modified":"2020-08-20T00:17:59","modified_gmt":"2020-08-19T21:17:59","slug":"pirma-pakape","status":"publish","type":"page","link":"https:\/\/deir.lv\/lv\/pirma-pakape\/","title":{"rendered":"Pirm\u0101 pak\u0101pe"},"content":{"rendered":"<div class=\"fusion-fullwidth fullwidth-box fusion-builder-row-1 fusion-flex-container nonhundred-percent-fullwidth non-hundred-percent-height-scrolling\" style=\"background-color: rgba(255,255,255,0);background-position: center center;background-repeat: no-repeat;border-width: 0px 0px 0px 0px;border-color:rgba(0,0,0,0.08);border-style:solid;\" ><div class=\"fusion-builder-row fusion-row fusion-flex-align-items-flex-start fusion-flex-justify-content-center\" style=\"max-width:1331.2px;margin-left: calc(-4% \/ 2 );margin-right: calc(-4% \/ 2 );\"><div class=\"fusion-layout-column fusion_builder_column fusion-builder-column-0 fusion_builder_column_3_5 3_5 fusion-flex-column fusion-animated\" data-animationType=\"fadeInDown\" data-animationDuration=\"1.6\" data-animationOffset=\"100%\"><div class=\"fusion-column-wrapper fusion-flex-justify-content-flex-start fusion-content-layout-column\" style=\"background-position:left top;background-repeat:no-repeat;-webkit-background-size:cover;-moz-background-size:cover;-o-background-size:cover;background-size:cover;padding: 0px 0px 0px 0px;\"><style type=\"text\/css\">@media only screen and (max-width:1024px) {.fusion-title.fusion-title-1{margin-top:12px!important;margin-bottom:24px!important;}}@media only screen and (max-width:640px) {.fusion-title.fusion-title-1{margin-top:12px!important;margin-bottom:24px!important;}}<\/style><div class=\"fusion-title title fusion-title-1 fusion-sep-none fusion-title-center fusion-title-text fusion-title-size-one\" style=\"margin-top:12px;margin-bottom:24px;\"><h1 class=\"title-heading-center\" style=\"margin:0;\">Pirm\u0101 pak\u0101pe<\/h1><\/div><\/div><\/div><style type=\"text\/css\">.fusion-body .fusion-builder-column-0{width:60% !important;margin-top : 10px;margin-bottom : 52px;}.fusion-builder-column-0 > .fusion-column-wrapper {padding-top : 0px !important;padding-right : 0px !important;margin-right : 3.2%;padding-bottom : 0px !important;padding-left : 0px !important;margin-left : 3.2%;}@media only screen and (max-width:1024px) {.fusion-body .fusion-builder-column-0{width:80% !important;margin-bottom : 48px;}.fusion-builder-column-0 > .fusion-column-wrapper {margin-right : 2.4%;margin-left : 2.4%;}}@media only screen and (max-width:640px) {.fusion-body .fusion-builder-column-0{width:100% !important;margin-bottom : 32px;}.fusion-builder-column-0 > .fusion-column-wrapper {margin-right : 1.92%;margin-left : 1.92%;}}<\/style><div class=\"fusion-layout-column fusion_builder_column fusion-builder-column-1 fusion_builder_column_1_1 1_1 fusion-flex-column\"><div class=\"fusion-column-wrapper fusion-flex-justify-content-flex-start fusion-content-layout-column\" style=\"background-position:left top;background-repeat:no-repeat;-webkit-background-size:cover;-moz-background-size:cover;-o-background-size:cover;background-size:cover;padding: 0px 0px 0px 0px;\"><div class=\"fusion-text fusion-text-1\" style=\"text-align:left;font-size:16px;line-height:1.4em;letter-spacing:-0.02em;\"><p><span style=\"color: #ff6600;\">Pirm\u0101 pak\u0101pe \u2013 t\u0101 ir apzi\u0146as br\u012bv\u012bba no negat\u012bv\u0101m ietekm\u0113m<\/span><\/p>\n<p>3 nodarb\u012bbas pa 4 stund\u0101m<\/p>\n<p><span style=\"color: #ff6600;\"><strong>M\u0113r\u0137is<\/strong><\/span>\u00a0\u2013 apzi\u0146as br\u012bv\u012bbas pan\u0101k\u0161ana, savas ener\u0123\u0113tikas p\u0101rvald\u012b\u0161ana.<\/p>\n<p><strong><span style=\"color: #ff6600;\">Rezult\u0101ti<\/span><\/strong>\u00a0\u2013 sp\u0113ku palielin\u0101\u0161ana, vesel\u012bbas pastiprin\u0101\u0161ana, notur\u012bba pret \u0101r\u0113ju negat\u012bvu, harmonija ar sevi, potenci\u0101la atkl\u0101\u0161ana, liels br\u012bv\u0101 laika daudzums, liels m\u0113r\u0137tiec\u012bgums uz person\u012bgiem, nevis iedvesmotiem m\u0113r\u0137iem un v\u0113rt\u012bb\u0101m.<\/p>\n<p>Rezult\u0101ts \u2013 t\u0101 ir j\u016bsu \u012bsta dz\u012bve, kuru j\u016bs sev b\u016bv\u0113jat un j\u016bsu prieks, kuru j\u016bs g\u016bstat no t\u0101.<\/p>\n<p>Pirm\u0101 pak\u0101pe iepaz\u012bstina ar bioener\u0123\u0113tikas, energoinform\u0101cijas lauka j\u0113dzieniem, iem\u0101ca vad\u012bt savu ener\u0123\u0113tiku un nodarboties ar sava organisma atvese\u013co\u0161anu. Pak\u0101pe beidzas ar pirm\u0101s pak\u0101pes apvalka veido\u0161anu, kas atbr\u012bvo no energoinform\u0101cijas paraz\u012btu strukt\u016bru iedarb\u012bbas, kura \u013cauj izvair\u012bties no sociuma programm\u0113\u0161anas ietekmes, k\u013c\u016bt par neatkar\u012bgu cilv\u0113ku, un turkl\u0101t, par daudz vesel\u012bgu un veiksm\u012bgu. \u0160\u012b pak\u0101pe \u013cauj apg\u016bt sekojo\u0161as iema\u0146as:<\/p>\n<ul>\n<li>Kontrole p\u0101r \u0113terisko \u0137ermeni<\/li>\n<li>Biolauka taktil\u0101 uztvere<\/li>\n<li>Auras vizu\u0101la uztvere<\/li>\n<li>Centr\u0101lo pl\u016bsmu vad\u012bba<\/li>\n<li>Etalona st\u0101vok\u013ca izmanto\u0161ana<\/li>\n<li>Centr\u0101lo pl\u016bsmu normaliz\u0101cija<\/li>\n<li>Energoinform\u0101cijas sak\u0101ves pa\u0161diagnostika<\/li>\n<li>Energoinform\u0101cijas sak\u0101ves no\u0146em\u0161ana<\/li>\n<li>Fizisk\u0101 \u0137erme\u0146a ener\u0123\u0113tisk\u0101 korekcija<\/li>\n<\/ul>\n<\/div><\/div><\/div><style type=\"text\/css\">.fusion-body .fusion-builder-column-1{width:100% !important;margin-top : 20px;margin-bottom : 20px;}.fusion-builder-column-1 > .fusion-column-wrapper {padding-top : 0px !important;padding-right : 0px !important;margin-right : 1.92%;padding-bottom : 0px !important;padding-left : 0px !important;margin-left : 1.92%;}@media only screen and (max-width:1024px) {.fusion-body .fusion-builder-column-1{width:100% !important;order : 0;}.fusion-builder-column-1 > .fusion-column-wrapper {margin-right : 1.92%;margin-left : 1.92%;}}@media only screen and (max-width:640px) {.fusion-body .fusion-builder-column-1{width:100% !important;order : 0;}.fusion-builder-column-1 > .fusion-column-wrapper {margin-right : 1.92%;margin-left : 1.92%;}}<\/style><\/div><style type=\"text\/css\">.fusion-body .fusion-flex-container.fusion-builder-row-1{ padding-top : 48px;margin-top : 0px;padding-right : 0px;padding-bottom : 60px;margin-bottom : 0px;padding-left : 0px;}@media only screen and (max-width:1024px) {.fusion-body .fusion-flex-container.fusion-builder-row-1{ padding-top : 36px;padding-bottom : 42px;}}@media only screen and (max-width:640px) {.fusion-body .fusion-flex-container.fusion-builder-row-1{ padding-top : 12px;padding-bottom : 40px;}}<\/style><\/div>\n","protected":false},"excerpt":{"rendered":"","protected":false},"author":2,"featured_media":0,"parent":0,"menu_order":0,"comment_status":"closed","ping_status":"closed","template":"100-width.php","meta":{"footnotes":""},"class_list":["post-6975","page","type-page","status-publish","hentry"],"yoast_head":"<!-- This site is optimized with the Yoast SEO plugin v27.4 - https:\/\/yoast.com\/product\/yoast-seo-wordpress\/ -->\n<title>Pirm\u0101 pak\u0101pe - TEIA skola<\/title>\n<meta name=\"robots\" content=\"index, follow, max-snippet:-1, max-image-preview:large, max-video-preview:-1\" \/>\n<link rel=\"canonical\" href=\"https:\/\/deir.lv\/lv\/pirma-pakape\/\" \/>\n<meta property=\"og:locale\" content=\"lv_LV\" \/>\n<meta property=\"og:type\" content=\"article\" \/>\n<meta property=\"og:title\" content=\"Pirm\u0101 pak\u0101pe - TEIA skola\" \/>\n<meta property=\"og:url\" content=\"https:\/\/deir.lv\/lv\/pirma-pakape\/\" \/>\n<meta property=\"og:site_name\" content=\"\u0428\u043a\u043e\u043b\u0430 \u0414\u042d\u0418\u0420\" \/>\n<meta property=\"article:modified_time\" content=\"2020-08-19T21:17:59+00:00\" \/>\n<meta name=\"twitter:card\" content=\"summary_large_image\" \/>\n<meta name=\"twitter:label1\" content=\"Est. reading time\" \/>\n\t<meta name=\"twitter:data1\" content=\"5 minutes\" \/>\n<script type=\"application\/ld+json\" class=\"yoast-schema-graph\">{\"@context\":\"https:\\\/\\\/schema.org\",\"@graph\":[{\"@type\":\"WebPage\",\"@id\":\"https:\\\/\\\/deir.lv\\\/lv\\\/pirma-pakape\\\/\",\"url\":\"https:\\\/\\\/deir.lv\\\/lv\\\/pirma-pakape\\\/\",\"name\":\"Pirm\u0101 pak\u0101pe - TEIA skola\",\"isPartOf\":{\"@id\":\"https:\\\/\\\/deir.lv\\\/ru\\\/#website\"},\"datePublished\":\"2020-08-19T15:44:46+00:00\",\"dateModified\":\"2020-08-19T21:17:59+00:00\",\"breadcrumb\":{\"@id\":\"https:\\\/\\\/deir.lv\\\/lv\\\/pirma-pakape\\\/#breadcrumb\"},\"inLanguage\":\"lv-LV\",\"potentialAction\":[{\"@type\":\"ReadAction\",\"target\":[\"https:\\\/\\\/deir.lv\\\/lv\\\/pirma-pakape\\\/\"]}]},{\"@type\":\"BreadcrumbList\",\"@id\":\"https:\\\/\\\/deir.lv\\\/lv\\\/pirma-pakape\\\/#breadcrumb\",\"itemListElement\":[{\"@type\":\"ListItem\",\"position\":1,\"name\":\"\u0413\u043b\u0430\u0432\u043d\u0430\u044f \u0441\u0442\u0440\u0430\u043d\u0438\u0446\u0430\",\"item\":\"https:\\\/\\\/deir.lv\\\/lv\\\/\"},{\"@type\":\"ListItem\",\"position\":2,\"name\":\"Pirm\u0101 pak\u0101pe\"}]},{\"@type\":\"WebSite\",\"@id\":\"https:\\\/\\\/deir.lv\\\/ru\\\/#website\",\"url\":\"https:\\\/\\\/deir.lv\\\/ru\\\/\",\"name\":\"\u0428\u043a\u043e\u043b\u0430 \u0414\u042d\u0418\u0420\",\"description\":\"\u0421\u0442\u0440\u0435\u043c\u0438\u0442\u0435\u0441\u044c \u0423\u0447\u0438\u0442\u044c\u0441\u044f \u041b\u0443\u0447\u0448\u0435\u043c\u0443!\",\"potentialAction\":[{\"@type\":\"SearchAction\",\"target\":{\"@type\":\"EntryPoint\",\"urlTemplate\":\"https:\\\/\\\/deir.lv\\\/ru\\\/?s={search_term_string}\"},\"query-input\":{\"@type\":\"PropertyValueSpecification\",\"valueRequired\":true,\"valueName\":\"search_term_string\"}}],\"inLanguage\":\"lv-LV\"}]}<\/script>\n<!-- \/ Yoast SEO plugin. -->","yoast_head_json":{"title":"Pirm\u0101 pak\u0101pe - TEIA skola","robots":{"index":"index","follow":"follow","max-snippet":"max-snippet:-1","max-image-preview":"max-image-preview:large","max-video-preview":"max-video-preview:-1"},"canonical":"https:\/\/deir.lv\/lv\/pirma-pakape\/","og_locale":"lv_LV","og_type":"article","og_title":"Pirm\u0101 pak\u0101pe - TEIA skola","og_url":"https:\/\/deir.lv\/lv\/pirma-pakape\/","og_site_name":"\u0428\u043a\u043e\u043b\u0430 \u0414\u042d\u0418\u0420","article_modified_time":"2020-08-19T21:17:59+00:00","twitter_card":"summary_large_image","twitter_misc":{"Est. reading time":"5 minutes"},"schema":{"@context":"https:\/\/schema.org","@graph":[{"@type":"WebPage","@id":"https:\/\/deir.lv\/lv\/pirma-pakape\/","url":"https:\/\/deir.lv\/lv\/pirma-pakape\/","name":"Pirm\u0101 pak\u0101pe - TEIA skola","isPartOf":{"@id":"https:\/\/deir.lv\/ru\/#website"},"datePublished":"2020-08-19T15:44:46+00:00","dateModified":"2020-08-19T21:17:59+00:00","breadcrumb":{"@id":"https:\/\/deir.lv\/lv\/pirma-pakape\/#breadcrumb"},"inLanguage":"lv-LV","potentialAction":[{"@type":"ReadAction","target":["https:\/\/deir.lv\/lv\/pirma-pakape\/"]}]},{"@type":"BreadcrumbList","@id":"https:\/\/deir.lv\/lv\/pirma-pakape\/#breadcrumb","itemListElement":[{"@type":"ListItem","position":1,"name":"\u0413\u043b\u0430\u0432\u043d\u0430\u044f \u0441\u0442\u0440\u0430\u043d\u0438\u0446\u0430","item":"https:\/\/deir.lv\/lv\/"},{"@type":"ListItem","position":2,"name":"Pirm\u0101 pak\u0101pe"}]},{"@type":"WebSite","@id":"https:\/\/deir.lv\/ru\/#website","url":"https:\/\/deir.lv\/ru\/","name":"\u0428\u043a\u043e\u043b\u0430 \u0414\u042d\u0418\u0420","description":"\u0421\u0442\u0440\u0435\u043c\u0438\u0442\u0435\u0441\u044c \u0423\u0447\u0438\u0442\u044c\u0441\u044f \u041b\u0443\u0447\u0448\u0435\u043c\u0443!","potentialAction":[{"@type":"SearchAction","target":{"@type":"EntryPoint","urlTemplate":"https:\/\/deir.lv\/ru\/?s={search_term_string}"},"query-input":{"@type":"PropertyValueSpecification","valueRequired":true,"valueName":"search_term_string"}}],"inLanguage":"lv-LV"}]}},"_links":{"self":[{"href":"https:\/\/deir.lv\/lv\/wp-json\/wp\/v2\/pages\/6975","targetHints":{"allow":["GET"]}}],"collection":[{"href":"https:\/\/deir.lv\/lv\/wp-json\/wp\/v2\/pages"}],"about":[{"href":"https:\/\/deir.lv\/lv\/wp-json\/wp\/v2\/types\/page"}],"author":[{"embeddable":true,"href":"https:\/\/deir.lv\/lv\/wp-json\/wp\/v2\/users\/2"}],"replies":[{"embeddable":true,"href":"https:\/\/deir.lv\/lv\/wp-json\/wp\/v2\/comments?post=6975"}],"version-history":[{"count":1,"href":"https:\/\/deir.lv\/lv\/wp-json\/wp\/v2\/pages\/6975\/revisions"}],"predecessor-version":[{"id":6979,"href":"https:\/\/deir.lv\/lv\/wp-json\/wp\/v2\/pages\/6975\/revisions\/6979"}],"wp:attachment":[{"href":"https:\/\/deir.lv\/lv\/wp-json\/wp\/v2\/media?parent=6975"}],"curies":[{"name":"wp","href":"https:\/\/api.w.org\/{rel}","templated":true}]}}