{"id":6986,"date":"2020-08-20T00:27:51","date_gmt":"2020-08-19T21:27:51","guid":{"rendered":"https:\/\/deir.lv\/?page_id=6986"},"modified":"2020-08-20T00:34:28","modified_gmt":"2020-08-19T21:34:28","slug":"programma-ietekme","status":"publish","type":"page","link":"https:\/\/deir.lv\/lv\/programma-ietekme\/","title":{"rendered":"PROGRAMMA \u201cIETEKME\u201d"},"content":{"rendered":"<div class=\"fusion-fullwidth fullwidth-box fusion-builder-row-1 fusion-flex-container nonhundred-percent-fullwidth non-hundred-percent-height-scrolling\" style=\"background-color: rgba(255,255,255,0);background-position: center center;background-repeat: no-repeat;border-width: 0px 0px 0px 0px;border-color:rgba(0,0,0,0.08);border-style:solid;\" ><div class=\"fusion-builder-row fusion-row fusion-flex-align-items-flex-start fusion-flex-justify-content-center\" style=\"max-width:1331.2px;margin-left: calc(-4% \/ 2 );margin-right: calc(-4% \/ 2 );\"><div class=\"fusion-layout-column fusion_builder_column fusion-builder-column-0 fusion_builder_column_3_5 3_5 fusion-flex-column fusion-animated\" data-animationType=\"fadeInDown\" data-animationDuration=\"1.6\" data-animationOffset=\"100%\"><div class=\"fusion-column-wrapper fusion-flex-justify-content-flex-start fusion-content-layout-column\" style=\"background-position:left top;background-repeat:no-repeat;-webkit-background-size:cover;-moz-background-size:cover;-o-background-size:cover;background-size:cover;padding: 0px 0px 0px 0px;\"><style type=\"text\/css\">@media only screen and (max-width:1024px) {.fusion-title.fusion-title-1{margin-top:12px!important;margin-bottom:24px!important;}}@media only screen and (max-width:640px) {.fusion-title.fusion-title-1{margin-top:12px!important;margin-bottom:24px!important;}}<\/style><div class=\"fusion-title title fusion-title-1 fusion-sep-none fusion-title-center fusion-title-text fusion-title-size-one\" style=\"margin-top:12px;margin-bottom:24px;\"><h1 class=\"title-heading-center\" style=\"margin:0;\">PROGRAMMA \u201cIETEKME\u201d<\/h1><\/div><\/div><\/div><style type=\"text\/css\">.fusion-body .fusion-builder-column-0{width:60% !important;margin-top : 10px;margin-bottom : 52px;}.fusion-builder-column-0 > .fusion-column-wrapper {padding-top : 0px !important;padding-right : 0px !important;margin-right : 3.2%;padding-bottom : 0px !important;padding-left : 0px !important;margin-left : 3.2%;}@media only screen and (max-width:1024px) {.fusion-body .fusion-builder-column-0{width:80% !important;margin-bottom : 48px;}.fusion-builder-column-0 > .fusion-column-wrapper {margin-right : 2.4%;margin-left : 2.4%;}}@media only screen and (max-width:640px) {.fusion-body .fusion-builder-column-0{width:100% !important;margin-bottom : 32px;}.fusion-builder-column-0 > .fusion-column-wrapper {margin-right : 1.92%;margin-left : 1.92%;}}<\/style><div class=\"fusion-layout-column fusion_builder_column fusion-builder-column-1 fusion_builder_column_1_1 1_1 fusion-flex-column\"><div class=\"fusion-column-wrapper fusion-flex-justify-content-flex-start fusion-content-layout-column\" style=\"background-position:left top;background-repeat:no-repeat;-webkit-background-size:cover;-moz-background-size:cover;-o-background-size:cover;background-size:cover;padding: 0px 0px 0px 0px;\"><div class=\"fusion-text fusion-text-1\" style=\"text-align:left;font-size:18px;line-height:1.4em;letter-spacing:-0.02em;\"><p>Katram cilv\u0113kam ir svar\u012bgi, lai probl\u0113ma tiek risin\u0101ta vi\u0146a labum\u0101, tie\u0161i t\u0101p\u0113c ir izveidota programma \u201cIetekme\u201d. Programmas semin\u0101ri pal\u012bdz atrast un izmantot cilv\u0113ka iek\u0161\u0113j\u0101s rezerves un \u0101r\u0113j\u0101s sp\u0113ka avotus. Izmantojot tos, J\u016bs var\u0113siet daudzkart palielin\u0101t savas iesp\u0113jas un risin\u0101t t\u0101dus uzdevumus, kuri k\u0101dreiz likas neizpildami.<\/p>\n<p>Programma \u201cIetekme\u201d ir jaunu avotu mekl\u0113\u0161ana un izmanto\u0161ana J\u016bsu m\u0113r\u0137u sasnieg\u0161anai, jaunas iesp\u0113jas mijiedarb\u012bb\u0101 ar citiem cilv\u0113kiem.<\/p>\n<\/div><\/div><\/div><style type=\"text\/css\">.fusion-body .fusion-builder-column-1{width:100% !important;margin-top : 20px;margin-bottom : 20px;}.fusion-builder-column-1 > .fusion-column-wrapper {padding-top : 0px !important;padding-right : 0px !important;margin-right : 1.92%;padding-bottom : 0px !important;padding-left : 0px !important;margin-left : 1.92%;}@media only screen and (max-width:1024px) {.fusion-body .fusion-builder-column-1{width:100% !important;order : 0;}.fusion-builder-column-1 > .fusion-column-wrapper {margin-right : 1.92%;margin-left : 1.92%;}}@media only screen and (max-width:640px) {.fusion-body .fusion-builder-column-1{width:100% !important;order : 0;}.fusion-builder-column-1 > .fusion-column-wrapper {margin-right : 1.92%;margin-left : 1.92%;}}<\/style><\/div><style type=\"text\/css\">.fusion-body .fusion-flex-container.fusion-builder-row-1{ padding-top : 48px;margin-top : 0px;padding-right : 0px;padding-bottom : 60px;margin-bottom : 0px;padding-left : 0px;}@media only screen and (max-width:1024px) {.fusion-body .fusion-flex-container.fusion-builder-row-1{ padding-top : 36px;padding-bottom : 42px;}}@media only screen and (max-width:640px) {.fusion-body .fusion-flex-container.fusion-builder-row-1{ padding-top : 12px;padding-bottom : 40px;}}<\/style><\/div>\n","protected":false},"excerpt":{"rendered":"","protected":false},"author":2,"featured_media":0,"parent":0,"menu_order":0,"comment_status":"closed","ping_status":"closed","template":"100-width.php","meta":{"footnotes":""},"class_list":["post-6986","page","type-page","status-publish","hentry"],"yoast_head":"<!-- This site is optimized with the Yoast SEO plugin v27.4 - https:\/\/yoast.com\/product\/yoast-seo-wordpress\/ -->\n<title>PROGRAMMA \u201cIETEKME\u201d - TEIA skola<\/title>\n<meta name=\"robots\" content=\"index, follow, max-snippet:-1, max-image-preview:large, max-video-preview:-1\" \/>\n<link rel=\"canonical\" href=\"https:\/\/deir.lv\/lv\/programma-ietekme\/\" \/>\n<meta property=\"og:locale\" content=\"lv_LV\" \/>\n<meta property=\"og:type\" content=\"article\" \/>\n<meta property=\"og:title\" content=\"PROGRAMMA \u201cIETEKME\u201d - TEIA skola\" \/>\n<meta property=\"og:url\" content=\"https:\/\/deir.lv\/lv\/programma-ietekme\/\" \/>\n<meta property=\"og:site_name\" content=\"\u0428\u043a\u043e\u043b\u0430 \u0414\u042d\u0418\u0420\" \/>\n<meta property=\"article:modified_time\" content=\"2020-08-19T21:34:28+00:00\" \/>\n<meta name=\"twitter:card\" content=\"summary_large_image\" \/>\n<meta name=\"twitter:label1\" content=\"Est. reading time\" \/>\n\t<meta name=\"twitter:data1\" content=\"4 minutes\" \/>\n<script type=\"application\/ld+json\" class=\"yoast-schema-graph\">{\"@context\":\"https:\\\/\\\/schema.org\",\"@graph\":[{\"@type\":\"WebPage\",\"@id\":\"https:\\\/\\\/deir.lv\\\/lv\\\/programma-ietekme\\\/\",\"url\":\"https:\\\/\\\/deir.lv\\\/lv\\\/programma-ietekme\\\/\",\"name\":\"PROGRAMMA \u201cIETEKME\u201d - TEIA skola\",\"isPartOf\":{\"@id\":\"https:\\\/\\\/deir.lv\\\/ru\\\/#website\"},\"datePublished\":\"2020-08-19T21:27:51+00:00\",\"dateModified\":\"2020-08-19T21:34:28+00:00\",\"breadcrumb\":{\"@id\":\"https:\\\/\\\/deir.lv\\\/lv\\\/programma-ietekme\\\/#breadcrumb\"},\"inLanguage\":\"lv-LV\",\"potentialAction\":[{\"@type\":\"ReadAction\",\"target\":[\"https:\\\/\\\/deir.lv\\\/lv\\\/programma-ietekme\\\/\"]}]},{\"@type\":\"BreadcrumbList\",\"@id\":\"https:\\\/\\\/deir.lv\\\/lv\\\/programma-ietekme\\\/#breadcrumb\",\"itemListElement\":[{\"@type\":\"ListItem\",\"position\":1,\"name\":\"\u0413\u043b\u0430\u0432\u043d\u0430\u044f \u0441\u0442\u0440\u0430\u043d\u0438\u0446\u0430\",\"item\":\"https:\\\/\\\/deir.lv\\\/lv\\\/\"},{\"@type\":\"ListItem\",\"position\":2,\"name\":\"PROGRAMMA \u201cIETEKME\u201d\"}]},{\"@type\":\"WebSite\",\"@id\":\"https:\\\/\\\/deir.lv\\\/ru\\\/#website\",\"url\":\"https:\\\/\\\/deir.lv\\\/ru\\\/\",\"name\":\"\u0428\u043a\u043e\u043b\u0430 \u0414\u042d\u0418\u0420\",\"description\":\"\u0421\u0442\u0440\u0435\u043c\u0438\u0442\u0435\u0441\u044c \u0423\u0447\u0438\u0442\u044c\u0441\u044f \u041b\u0443\u0447\u0448\u0435\u043c\u0443!\",\"potentialAction\":[{\"@type\":\"SearchAction\",\"target\":{\"@type\":\"EntryPoint\",\"urlTemplate\":\"https:\\\/\\\/deir.lv\\\/ru\\\/?s={search_term_string}\"},\"query-input\":{\"@type\":\"PropertyValueSpecification\",\"valueRequired\":true,\"valueName\":\"search_term_string\"}}],\"inLanguage\":\"lv-LV\"}]}<\/script>\n<!-- \/ Yoast SEO plugin. -->","yoast_head_json":{"title":"PROGRAMMA \u201cIETEKME\u201d - TEIA skola","robots":{"index":"index","follow":"follow","max-snippet":"max-snippet:-1","max-image-preview":"max-image-preview:large","max-video-preview":"max-video-preview:-1"},"canonical":"https:\/\/deir.lv\/lv\/programma-ietekme\/","og_locale":"lv_LV","og_type":"article","og_title":"PROGRAMMA \u201cIETEKME\u201d - TEIA skola","og_url":"https:\/\/deir.lv\/lv\/programma-ietekme\/","og_site_name":"\u0428\u043a\u043e\u043b\u0430 \u0414\u042d\u0418\u0420","article_modified_time":"2020-08-19T21:34:28+00:00","twitter_card":"summary_large_image","twitter_misc":{"Est. reading time":"4 minutes"},"schema":{"@context":"https:\/\/schema.org","@graph":[{"@type":"WebPage","@id":"https:\/\/deir.lv\/lv\/programma-ietekme\/","url":"https:\/\/deir.lv\/lv\/programma-ietekme\/","name":"PROGRAMMA \u201cIETEKME\u201d - TEIA skola","isPartOf":{"@id":"https:\/\/deir.lv\/ru\/#website"},"datePublished":"2020-08-19T21:27:51+00:00","dateModified":"2020-08-19T21:34:28+00:00","breadcrumb":{"@id":"https:\/\/deir.lv\/lv\/programma-ietekme\/#breadcrumb"},"inLanguage":"lv-LV","potentialAction":[{"@type":"ReadAction","target":["https:\/\/deir.lv\/lv\/programma-ietekme\/"]}]},{"@type":"BreadcrumbList","@id":"https:\/\/deir.lv\/lv\/programma-ietekme\/#breadcrumb","itemListElement":[{"@type":"ListItem","position":1,"name":"\u0413\u043b\u0430\u0432\u043d\u0430\u044f \u0441\u0442\u0440\u0430\u043d\u0438\u0446\u0430","item":"https:\/\/deir.lv\/lv\/"},{"@type":"ListItem","position":2,"name":"PROGRAMMA \u201cIETEKME\u201d"}]},{"@type":"WebSite","@id":"https:\/\/deir.lv\/ru\/#website","url":"https:\/\/deir.lv\/ru\/","name":"\u0428\u043a\u043e\u043b\u0430 \u0414\u042d\u0418\u0420","description":"\u0421\u0442\u0440\u0435\u043c\u0438\u0442\u0435\u0441\u044c \u0423\u0447\u0438\u0442\u044c\u0441\u044f \u041b\u0443\u0447\u0448\u0435\u043c\u0443!","potentialAction":[{"@type":"SearchAction","target":{"@type":"EntryPoint","urlTemplate":"https:\/\/deir.lv\/ru\/?s={search_term_string}"},"query-input":{"@type":"PropertyValueSpecification","valueRequired":true,"valueName":"search_term_string"}}],"inLanguage":"lv-LV"}]}},"_links":{"self":[{"href":"https:\/\/deir.lv\/lv\/wp-json\/wp\/v2\/pages\/6986","targetHints":{"allow":["GET"]}}],"collection":[{"href":"https:\/\/deir.lv\/lv\/wp-json\/wp\/v2\/pages"}],"about":[{"href":"https:\/\/deir.lv\/lv\/wp-json\/wp\/v2\/types\/page"}],"author":[{"embeddable":true,"href":"https:\/\/deir.lv\/lv\/wp-json\/wp\/v2\/users\/2"}],"replies":[{"embeddable":true,"href":"https:\/\/deir.lv\/lv\/wp-json\/wp\/v2\/comments?post=6986"}],"version-history":[{"count":1,"href":"https:\/\/deir.lv\/lv\/wp-json\/wp\/v2\/pages\/6986\/revisions"}],"predecessor-version":[{"id":6988,"href":"https:\/\/deir.lv\/lv\/wp-json\/wp\/v2\/pages\/6986\/revisions\/6988"}],"wp:attachment":[{"href":"https:\/\/deir.lv\/lv\/wp-json\/wp\/v2\/media?parent=6986"}],"curies":[{"name":"wp","href":"https:\/\/api.w.org\/{rel}","templated":true}]}}