{"id":6994,"date":"2020-08-20T00:31:47","date_gmt":"2020-08-19T21:31:47","guid":{"rendered":"https:\/\/deir.lv\/?page_id=6994"},"modified":"2020-08-20T00:32:24","modified_gmt":"2020-08-19T21:32:24","slug":"programma-sieviskais-vilnis","status":"publish","type":"page","link":"https:\/\/deir.lv\/lv\/programma-sieviskais-vilnis\/","title":{"rendered":"PROGRAMMA \u201cSIEVI\u0160\u0136AIS VILNIS\u201d"},"content":{"rendered":"<div class=\"fusion-fullwidth fullwidth-box fusion-builder-row-1 fusion-flex-container nonhundred-percent-fullwidth non-hundred-percent-height-scrolling\" style=\"background-color: rgba(255,255,255,0);background-position: center center;background-repeat: no-repeat;border-width: 0px 0px 0px 0px;border-color:rgba(0,0,0,0.08);border-style:solid;\" ><div class=\"fusion-builder-row fusion-row fusion-flex-align-items-flex-start fusion-flex-justify-content-center\" style=\"max-width:1331.2px;margin-left: calc(-4% \/ 2 );margin-right: calc(-4% \/ 2 );\"><div class=\"fusion-layout-column fusion_builder_column fusion-builder-column-0 fusion_builder_column_3_5 3_5 fusion-flex-column fusion-animated\" data-animationType=\"fadeInDown\" data-animationDuration=\"1.6\" data-animationOffset=\"100%\"><div class=\"fusion-column-wrapper fusion-flex-justify-content-flex-start fusion-content-layout-column\" style=\"background-position:left top;background-repeat:no-repeat;-webkit-background-size:cover;-moz-background-size:cover;-o-background-size:cover;background-size:cover;padding: 0px 0px 0px 0px;\"><style type=\"text\/css\">@media only screen and (max-width:1024px) {.fusion-title.fusion-title-1{margin-top:12px!important;margin-bottom:24px!important;}}@media only screen and (max-width:640px) {.fusion-title.fusion-title-1{margin-top:12px!important;margin-bottom:24px!important;}}<\/style><div class=\"fusion-title title fusion-title-1 fusion-sep-none fusion-title-center fusion-title-text fusion-title-size-one\" style=\"margin-top:12px;margin-bottom:24px;\"><h1 class=\"title-heading-center\" style=\"margin:0;\">PROGRAMMA \u201cSIEVI\u0160\u0136AIS VILNIS\u201d<\/h1><\/div><\/div><\/div><style type=\"text\/css\">.fusion-body .fusion-builder-column-0{width:60% !important;margin-top : 10px;margin-bottom : 52px;}.fusion-builder-column-0 > .fusion-column-wrapper {padding-top : 0px !important;padding-right : 0px !important;margin-right : 3.2%;padding-bottom : 0px !important;padding-left : 0px !important;margin-left : 3.2%;}@media only screen and (max-width:1024px) {.fusion-body .fusion-builder-column-0{width:80% !important;margin-bottom : 48px;}.fusion-builder-column-0 > .fusion-column-wrapper {margin-right : 2.4%;margin-left : 2.4%;}}@media only screen and (max-width:640px) {.fusion-body .fusion-builder-column-0{width:100% !important;margin-bottom : 32px;}.fusion-builder-column-0 > .fusion-column-wrapper {margin-right : 1.92%;margin-left : 1.92%;}}<\/style><div class=\"fusion-layout-column fusion_builder_column fusion-builder-column-1 fusion_builder_column_1_1 1_1 fusion-flex-column\"><div class=\"fusion-column-wrapper fusion-flex-justify-content-flex-start fusion-content-layout-column\" style=\"background-position:left top;background-repeat:no-repeat;-webkit-background-size:cover;-moz-background-size:cover;-o-background-size:cover;background-size:cover;padding: 0px 0px 0px 0px;\"><div class=\"fusion-text fusion-text-1\" style=\"text-align:left;font-size:18px;line-height:1.4em;letter-spacing:-0.02em;\"><p><span style=\"color: #ff6600;\">Semin\u0101rs \u201cSievie\u0161\u0137ais Vilnis\u201d. <\/span><span style=\"color: #ff6600;\">Ilgums 3 dienas<\/span>.<\/p>\n<p>B\u016bt Sievietei, savienot sev\u012b sp\u0113ku un v\u0101jumu, iniciat\u012bvu un prasmi iet aiz vad\u012bt\u0101ja, b\u016bt vienlaic\u012bgi gan saimniecei un m\u016bzai \u2013 tas ir tas, ko m\u016bs nem\u0101c\u012bja skol\u0101, tas, ko no mums sagaida v\u012brie\u0161i.<\/p>\n<p>M\u0113s dz\u012bvojam pasaul\u0113, kur nov\u0113rt\u0113 darb\u012bbas sp\u0113ku \u2013 \u012bpa\u0161\u012bba, kas pamat\u0101 piem\u012bt v\u012brie\u0161iem. Dz\u012bvojot pasaul\u0113, kur nov\u0113rt\u0113 v\u012brie\u0161u \u012bpa\u0161\u012bbas, m\u0113s bie\u017ei r\u012bkojamiem v\u012bri\u0161\u0137\u012bgi, aiz\u0146emot \u0161\u0101d\u0101 veid\u0101 v\u012brie\u0161a vietu, izplostojot harmonisk\u0101 kontakta iesp\u0113ju. Bet k\u0101 ir j\u0101r\u012bkojas sievietei? Kur sl\u0113pjas vi\u0146as pievilc\u012bbas un sp\u0113ka nosl\u0113pums?<\/p>\n<p>Sieviete, kas zina atbildes uz \u0161iem jaut\u0101jumiem, ir piepras\u012bta pasaul\u0113, pirmk\u0101rt k\u0101 iedvesmas avots. Tas noz\u012bm\u0113, ka vi\u0146a ir gan izcila sieva, gan izcila draudzene, gan izcila l\u012bdzstr\u0101dniece. Jebk\u0101das attiec\u012bbas ar v\u012brie\u0161iem \u2013 lieti\u0161\u0137\u0101s, draudz\u012bgas, \u0123imenisk\u0101s, int\u012bm\u0101s \u2013 sa\u0146em jaunu harmonisku att\u012bst\u012bbu sievie\u0161u darb\u012bbas metodes pielieto\u0161anas rezult\u0101t\u0101.<\/p>\n<p><span style=\"color: #ff6600;\">Kur tad ir sievietes sp\u0113ks? Ar ko vi\u0146a var\u0113s pan\u0101kt veiksmi vis\u0101s darb\u012bbas sf\u0113r\u0101s?<\/span><\/p>\n<p>L\u016bk, \u0161eit pal\u012bdz\u0113s \u0161aj\u0101 semin\u0101r\u0101 ieg\u016bto iema\u0146u apzin\u0101ta pielieto\u0161ana!<\/p>\n<p><span style=\"color: #ff6600;\">Savu m\u0113r\u0137u sasnieg\u0161anas veidi un galven\u0101s sievie\u0161u prasmes:<\/span><\/p>\n<p>Sievie\u0161u tehnikas savu m\u0113r\u0137u sasnieg\u0161an\u0101. Kad sieviete emansip\u0101cijas procesu rezult\u0101t\u0101 izg\u0101ja pasaul\u0113, b\u016bt\u012bb\u0101 v\u012brie\u0161u pasaul\u0113, vi\u0146a iekaroja v\u012brie\u0161u m\u0113r\u0137u sasnieg\u0161anas tehnikas, izsaucot zemapzi\u0146as l\u012bmen\u012b v\u012brietim konkurenta, s\u0101ncen\u0161a izj\u016btu un vi\u0146am ir gr\u016bti par vi\u0146u r\u016bp\u0113ties.<\/p>\n<p><span style=\"color: #ff6600;\">Sieviete, kura izmanto sievie\u0161u m\u0113r\u0137u sasnieg\u0161anas tehnikas, viegli realiz\u0113jas pati un pal\u012bdz realiz\u0113ties savai apk\u0101rtnei, v\u012brietim, b\u0113rnam.<\/span><\/p>\n<ul>\n<li>Sievietes un v\u012brie\u0161a attiec\u012bbu balanss p\u0101r\u012b.<\/li>\n<li>P\u0101ru mijiedarb\u012bbas j\u0113dzienisk\u0101 b\u016bt\u012bba.<\/li>\n<li>Sievie\u0161u telpas darba tehnika. Prasme dz\u012bvot sievie\u0161u vibr\u0101cij\u0101, prasme pied\u0101v\u0101t telpu (metaforisko dzemdi) v\u0113lamajiem notikumiem un prasme nov\u0113rst nev\u0113lamus notikumus;<\/li>\n<li>Sievie\u0161u sp\u0113ks. Sievie\u0161u probl\u0113mu risin\u0101\u0161anas metode \u2013 Meistara metode.<\/li>\n<li>K\u0101 saprast savu iek\u0161\u0113ju v\u012brieti, prast ar vi\u0146u vienoties.<\/li>\n<li>Prasme redz\u0113t cita cilv\u0113ka sp\u0113ku (m\u012b\u013cotais, b\u0113rni, citi cilv\u0113ki) un atkl\u0101t to. Prasme nolas\u012bt cita cilv\u0113ka emocion\u0101lo st\u0101vokli, sadal\u012bt cita b\u0113das un prieku, p\u0101rvest citu cilv\u0113ku no negat\u012bva emocion\u0101l\u0101 st\u0101vok\u013ca komfort\u0101.<\/li>\n<li>Prasme pareizi uztraukties par citu, stiprinot \u0161o cilv\u0113ku, nevis sasienot vi\u0146am rokas un k\u0101jas;<\/li>\n<li>Prasme uzpild\u012bt savu v\u012brieti ar sava vi\u013c\u0146a vibr\u0101cij\u0101m, kas nes neap\u0161aub\u0101mu-bez kritikas-sava v\u012brie\u0161a pie\u0146em\u0161anu, bet v\u012brietim dod seksu\u0101lo un psihisko vesel\u012bbu.<\/li>\n<li>Prasme just laiku k\u0101 notikuma, t\u0101 ar\u012b b\u0113rna\u00a0 \u201eie\u0146em\u0161anai\u201d.<\/li>\n<li>Prasme nepiecie\u0161am\u012bbas gad\u012bjum\u0101 b\u016bt vai nu vado\u0161ai vai vad\u0101mai (norobe\u017eot savas un citu cilv\u0113ku atbild\u012bbas sf\u0113ras, neielauzties citu cilv\u0113ku atbild\u012bbas sf\u0113r\u0101s ar vado\u0161o poz\u012bciju), saglab\u0101s cita v\u0113rt\u012bbas.<\/li>\n<li>Prasme izmantot \u010dakr\u0101lus st\u0101vok\u013cus;<\/li>\n<li>Partnera soci\u0101li-negat\u012bv\u0101 nosac\u012bt\u0101 t\u0113la apzin\u0101\u0161ana.<\/li>\n<li>Darbs ar saskarsmes distanci, ar emocion\u0101lo sf\u0113ru.<\/li>\n<li>Vingrin\u0101jumi ment\u0101lai un ener\u0123\u0113tiskai pievieno\u0161anai, harmonija ar partneru, neverb\u0101la savstarp\u0113ja sapra\u0161an\u0101s. V\u0113rt\u012bbu sist\u0113mas anal\u012bze.<\/li>\n<\/ul>\n<h4><span style=\"color: #ff6600;\">Medit\u0101cijas, ener\u0123\u0113tiskie un sensit\u012bvie vingrin\u0101jumi, sievie\u0161u \u0161arma un vesel\u012bbas nosl\u0113pumi.<\/span><\/h4>\n<\/div><\/div><\/div><style type=\"text\/css\">.fusion-body .fusion-builder-column-1{width:100% !important;margin-top : 20px;margin-bottom : 20px;}.fusion-builder-column-1 > .fusion-column-wrapper {padding-top : 0px !important;padding-right : 0px !important;margin-right : 1.92%;padding-bottom : 0px !important;padding-left : 0px !important;margin-left : 1.92%;}@media only screen and (max-width:1024px) {.fusion-body .fusion-builder-column-1{width:100% !important;order : 0;}.fusion-builder-column-1 > .fusion-column-wrapper {margin-right : 1.92%;margin-left : 1.92%;}}@media only screen and (max-width:640px) {.fusion-body .fusion-builder-column-1{width:100% !important;order : 0;}.fusion-builder-column-1 > .fusion-column-wrapper {margin-right : 1.92%;margin-left : 1.92%;}}<\/style><\/div><style type=\"text\/css\">.fusion-body .fusion-flex-container.fusion-builder-row-1{ padding-top : 48px;margin-top : 0px;padding-right : 0px;padding-bottom : 60px;margin-bottom : 0px;padding-left : 0px;}@media only screen and (max-width:1024px) {.fusion-body .fusion-flex-container.fusion-builder-row-1{ padding-top : 36px;padding-bottom : 42px;}}@media only screen and (max-width:640px) {.fusion-body .fusion-flex-container.fusion-builder-row-1{ padding-top : 12px;padding-bottom : 40px;}}<\/style><\/div>\n","protected":false},"excerpt":{"rendered":"","protected":false},"author":2,"featured_media":0,"parent":0,"menu_order":0,"comment_status":"closed","ping_status":"closed","template":"100-width.php","meta":{"footnotes":""},"class_list":["post-6994","page","type-page","status-publish","hentry"],"yoast_head":"<!-- This site is optimized with the Yoast SEO plugin v27.4 - https:\/\/yoast.com\/product\/yoast-seo-wordpress\/ -->\n<title>PROGRAMMA \u201cSIEVI\u0160\u0136AIS VILNIS\u201d - TEIA skola<\/title>\n<meta name=\"robots\" content=\"index, follow, max-snippet:-1, max-image-preview:large, max-video-preview:-1\" \/>\n<link rel=\"canonical\" href=\"https:\/\/deir.lv\/lv\/programma-sieviskais-vilnis\/\" \/>\n<meta property=\"og:locale\" content=\"lv_LV\" \/>\n<meta property=\"og:type\" content=\"article\" \/>\n<meta property=\"og:title\" content=\"PROGRAMMA \u201cSIEVI\u0160\u0136AIS VILNIS\u201d - TEIA skola\" \/>\n<meta property=\"og:url\" content=\"https:\/\/deir.lv\/lv\/programma-sieviskais-vilnis\/\" \/>\n<meta property=\"og:site_name\" content=\"\u0428\u043a\u043e\u043b\u0430 \u0414\u042d\u0418\u0420\" \/>\n<meta property=\"article:modified_time\" content=\"2020-08-19T21:32:24+00:00\" \/>\n<meta name=\"twitter:card\" content=\"summary_large_image\" \/>\n<meta name=\"twitter:label1\" content=\"Est. reading time\" \/>\n\t<meta name=\"twitter:data1\" content=\"7 minutes\" \/>\n<script type=\"application\/ld+json\" class=\"yoast-schema-graph\">{\"@context\":\"https:\\\/\\\/schema.org\",\"@graph\":[{\"@type\":\"WebPage\",\"@id\":\"https:\\\/\\\/deir.lv\\\/lv\\\/programma-sieviskais-vilnis\\\/\",\"url\":\"https:\\\/\\\/deir.lv\\\/lv\\\/programma-sieviskais-vilnis\\\/\",\"name\":\"PROGRAMMA \u201cSIEVI\u0160\u0136AIS VILNIS\u201d - TEIA skola\",\"isPartOf\":{\"@id\":\"https:\\\/\\\/deir.lv\\\/ru\\\/#website\"},\"datePublished\":\"2020-08-19T21:31:47+00:00\",\"dateModified\":\"2020-08-19T21:32:24+00:00\",\"breadcrumb\":{\"@id\":\"https:\\\/\\\/deir.lv\\\/lv\\\/programma-sieviskais-vilnis\\\/#breadcrumb\"},\"inLanguage\":\"lv-LV\",\"potentialAction\":[{\"@type\":\"ReadAction\",\"target\":[\"https:\\\/\\\/deir.lv\\\/lv\\\/programma-sieviskais-vilnis\\\/\"]}]},{\"@type\":\"BreadcrumbList\",\"@id\":\"https:\\\/\\\/deir.lv\\\/lv\\\/programma-sieviskais-vilnis\\\/#breadcrumb\",\"itemListElement\":[{\"@type\":\"ListItem\",\"position\":1,\"name\":\"\u0413\u043b\u0430\u0432\u043d\u0430\u044f \u0441\u0442\u0440\u0430\u043d\u0438\u0446\u0430\",\"item\":\"https:\\\/\\\/deir.lv\\\/lv\\\/\"},{\"@type\":\"ListItem\",\"position\":2,\"name\":\"PROGRAMMA \u201cSIEVI\u0160\u0136AIS VILNIS\u201d\"}]},{\"@type\":\"WebSite\",\"@id\":\"https:\\\/\\\/deir.lv\\\/ru\\\/#website\",\"url\":\"https:\\\/\\\/deir.lv\\\/ru\\\/\",\"name\":\"\u0428\u043a\u043e\u043b\u0430 \u0414\u042d\u0418\u0420\",\"description\":\"\u0421\u0442\u0440\u0435\u043c\u0438\u0442\u0435\u0441\u044c \u0423\u0447\u0438\u0442\u044c\u0441\u044f \u041b\u0443\u0447\u0448\u0435\u043c\u0443!\",\"potentialAction\":[{\"@type\":\"SearchAction\",\"target\":{\"@type\":\"EntryPoint\",\"urlTemplate\":\"https:\\\/\\\/deir.lv\\\/ru\\\/?s={search_term_string}\"},\"query-input\":{\"@type\":\"PropertyValueSpecification\",\"valueRequired\":true,\"valueName\":\"search_term_string\"}}],\"inLanguage\":\"lv-LV\"}]}<\/script>\n<!-- \/ Yoast SEO plugin. -->","yoast_head_json":{"title":"PROGRAMMA \u201cSIEVI\u0160\u0136AIS VILNIS\u201d - TEIA skola","robots":{"index":"index","follow":"follow","max-snippet":"max-snippet:-1","max-image-preview":"max-image-preview:large","max-video-preview":"max-video-preview:-1"},"canonical":"https:\/\/deir.lv\/lv\/programma-sieviskais-vilnis\/","og_locale":"lv_LV","og_type":"article","og_title":"PROGRAMMA \u201cSIEVI\u0160\u0136AIS VILNIS\u201d - TEIA skola","og_url":"https:\/\/deir.lv\/lv\/programma-sieviskais-vilnis\/","og_site_name":"\u0428\u043a\u043e\u043b\u0430 \u0414\u042d\u0418\u0420","article_modified_time":"2020-08-19T21:32:24+00:00","twitter_card":"summary_large_image","twitter_misc":{"Est. reading time":"7 minutes"},"schema":{"@context":"https:\/\/schema.org","@graph":[{"@type":"WebPage","@id":"https:\/\/deir.lv\/lv\/programma-sieviskais-vilnis\/","url":"https:\/\/deir.lv\/lv\/programma-sieviskais-vilnis\/","name":"PROGRAMMA \u201cSIEVI\u0160\u0136AIS VILNIS\u201d - TEIA skola","isPartOf":{"@id":"https:\/\/deir.lv\/ru\/#website"},"datePublished":"2020-08-19T21:31:47+00:00","dateModified":"2020-08-19T21:32:24+00:00","breadcrumb":{"@id":"https:\/\/deir.lv\/lv\/programma-sieviskais-vilnis\/#breadcrumb"},"inLanguage":"lv-LV","potentialAction":[{"@type":"ReadAction","target":["https:\/\/deir.lv\/lv\/programma-sieviskais-vilnis\/"]}]},{"@type":"BreadcrumbList","@id":"https:\/\/deir.lv\/lv\/programma-sieviskais-vilnis\/#breadcrumb","itemListElement":[{"@type":"ListItem","position":1,"name":"\u0413\u043b\u0430\u0432\u043d\u0430\u044f \u0441\u0442\u0440\u0430\u043d\u0438\u0446\u0430","item":"https:\/\/deir.lv\/lv\/"},{"@type":"ListItem","position":2,"name":"PROGRAMMA \u201cSIEVI\u0160\u0136AIS VILNIS\u201d"}]},{"@type":"WebSite","@id":"https:\/\/deir.lv\/ru\/#website","url":"https:\/\/deir.lv\/ru\/","name":"\u0428\u043a\u043e\u043b\u0430 \u0414\u042d\u0418\u0420","description":"\u0421\u0442\u0440\u0435\u043c\u0438\u0442\u0435\u0441\u044c \u0423\u0447\u0438\u0442\u044c\u0441\u044f \u041b\u0443\u0447\u0448\u0435\u043c\u0443!","potentialAction":[{"@type":"SearchAction","target":{"@type":"EntryPoint","urlTemplate":"https:\/\/deir.lv\/ru\/?s={search_term_string}"},"query-input":{"@type":"PropertyValueSpecification","valueRequired":true,"valueName":"search_term_string"}}],"inLanguage":"lv-LV"}]}},"_links":{"self":[{"href":"https:\/\/deir.lv\/lv\/wp-json\/wp\/v2\/pages\/6994","targetHints":{"allow":["GET"]}}],"collection":[{"href":"https:\/\/deir.lv\/lv\/wp-json\/wp\/v2\/pages"}],"about":[{"href":"https:\/\/deir.lv\/lv\/wp-json\/wp\/v2\/types\/page"}],"author":[{"embeddable":true,"href":"https:\/\/deir.lv\/lv\/wp-json\/wp\/v2\/users\/2"}],"replies":[{"embeddable":true,"href":"https:\/\/deir.lv\/lv\/wp-json\/wp\/v2\/comments?post=6994"}],"version-history":[{"count":1,"href":"https:\/\/deir.lv\/lv\/wp-json\/wp\/v2\/pages\/6994\/revisions"}],"predecessor-version":[{"id":6999,"href":"https:\/\/deir.lv\/lv\/wp-json\/wp\/v2\/pages\/6994\/revisions\/6999"}],"wp:attachment":[{"href":"https:\/\/deir.lv\/lv\/wp-json\/wp\/v2\/media?parent=6994"}],"curies":[{"name":"wp","href":"https:\/\/api.w.org\/{rel}","templated":true}]}}