{"id":6997,"date":"2020-08-20T00:33:26","date_gmt":"2020-08-19T21:33:26","guid":{"rendered":"https:\/\/deir.lv\/?page_id=6997"},"modified":"2020-08-20T00:33:26","modified_gmt":"2020-08-19T21:33:26","slug":"programma-veseliba","status":"publish","type":"page","link":"https:\/\/deir.lv\/lv\/programma-veseliba\/","title":{"rendered":"PROGRAMMA \u201cVESEL\u012aBA\u201d"},"content":{"rendered":"<div class=\"fusion-fullwidth fullwidth-box fusion-builder-row-1 fusion-flex-container nonhundred-percent-fullwidth non-hundred-percent-height-scrolling\" style=\"background-color: rgba(255,255,255,0);background-position: center center;background-repeat: no-repeat;border-width: 0px 0px 0px 0px;border-color:rgba(0,0,0,0.08);border-style:solid;\" ><div class=\"fusion-builder-row fusion-row fusion-flex-align-items-flex-start fusion-flex-justify-content-center\" style=\"max-width:1331.2px;margin-left: calc(-4% \/ 2 );margin-right: calc(-4% \/ 2 );\"><div class=\"fusion-layout-column fusion_builder_column fusion-builder-column-0 fusion_builder_column_3_5 3_5 fusion-flex-column fusion-animated\" data-animationType=\"fadeInDown\" data-animationDuration=\"1.6\" data-animationOffset=\"100%\"><div class=\"fusion-column-wrapper fusion-flex-justify-content-flex-start fusion-content-layout-column\" style=\"background-position:left top;background-repeat:no-repeat;-webkit-background-size:cover;-moz-background-size:cover;-o-background-size:cover;background-size:cover;padding: 0px 0px 0px 0px;\"><style type=\"text\/css\">@media only screen and (max-width:1024px) {.fusion-title.fusion-title-1{margin-top:12px!important;margin-bottom:24px!important;}}@media only screen and (max-width:640px) {.fusion-title.fusion-title-1{margin-top:12px!important;margin-bottom:24px!important;}}<\/style><div class=\"fusion-title title fusion-title-1 fusion-sep-none fusion-title-center fusion-title-text fusion-title-size-one\" style=\"margin-top:12px;margin-bottom:24px;\"><h1 class=\"title-heading-center\" style=\"margin:0;\">PROGRAMMA \u201cVESEL\u012aBA\u201d<\/h1><\/div><\/div><\/div><style type=\"text\/css\">.fusion-body .fusion-builder-column-0{width:60% !important;margin-top : 10px;margin-bottom : 52px;}.fusion-builder-column-0 > .fusion-column-wrapper {padding-top : 0px !important;padding-right : 0px !important;margin-right : 3.2%;padding-bottom : 0px !important;padding-left : 0px !important;margin-left : 3.2%;}@media only screen and (max-width:1024px) {.fusion-body .fusion-builder-column-0{width:80% !important;margin-bottom : 48px;}.fusion-builder-column-0 > .fusion-column-wrapper {margin-right : 2.4%;margin-left : 2.4%;}}@media only screen and (max-width:640px) {.fusion-body .fusion-builder-column-0{width:100% !important;margin-bottom : 32px;}.fusion-builder-column-0 > .fusion-column-wrapper {margin-right : 1.92%;margin-left : 1.92%;}}<\/style><div class=\"fusion-layout-column fusion_builder_column fusion-builder-column-1 fusion_builder_column_1_1 1_1 fusion-flex-column\"><div class=\"fusion-column-wrapper fusion-flex-justify-content-flex-start fusion-content-layout-column\" style=\"background-position:left top;background-repeat:no-repeat;-webkit-background-size:cover;-moz-background-size:cover;-o-background-size:cover;background-size:cover;padding: 0px 0px 0px 0px;\"><div class=\"fusion-text fusion-text-1\" style=\"text-align:left;font-size:18px;line-height:1.4em;letter-spacing:-0.02em;\"><p><span style=\"color: #ff6600;\">\u201c<strong>Visas slim\u012bbas rodas no nerviem\u201d<\/strong><\/span>, saka taut\u0101. Protams, t\u0101 nav taisn\u012bba. M\u0113dz b\u016bt iedzimtas slim\u012bbas, m\u0113dz b\u016bt slim\u012bbas, kas radu\u0161\u0101s no traum\u0101m, no saind\u0113\u0161an\u0101s, no infekcij\u0101m vai apstaro\u0161anas.<\/p>\n<p>Visas p\u0101r\u0113j\u0101s slim\u012bbas \u2013 t\u0101s gan ir no nerviem.<\/p>\n<p>Jebkura dekompens\u0101cija s\u0101kas ar organisma pa\u0161regul\u0101cijas sist\u0113mas izjauk\u0161anu. Asinsspiediena probl\u0113mas, infarkti, insulti, \u010d\u016blas, migr\u0113nas, bezmiegs, hormon\u0101l\u0101s darb\u012bbas trauc\u0113jumi un v\u0113l da\u017e\u0101das citas kaites s\u0101kas ar\u00a0psihosomatiku. Vienk\u0101r\u0161iem v\u0101rdiem \u2013 t\u0101s s\u0101kas, kad m\u016bsu smadzenes s\u0101k rad\u012bt trauc\u0113jumus organisma regul\u0101cijas proces\u0101. Vai smadzen\u0113m ir iemesls to dar\u012bt? Visticam\u0101k, ka ir. Stress, emocion\u0101l\u0101 spriedze, probl\u0113mu slodze \u2013 lai k\u0101ds ar\u012b neb\u016btu iemesls, m\u016bsu psihoener\u0123\u0113tiskais potenci\u0101ls s\u0101k str\u0101d\u0101t pret mums, inici\u0113jot slim\u012bbas s\u0101kumu un provoc\u0113jot t\u0101s saasin\u0101\u0161anos.<\/p>\n<p>Vai m\u0113s varam izmantot m\u016bsu prasmes, lai uzveiktu \u0161\u012bs slim\u012bbas un atjaunotu organisma darb\u012bbu? J\u0101, varam. Tas ir tas, ar ko cilv\u0113ki nodarbojas \u0161\u012bs programmas semin\u0101ros.<\/p>\n<p><span style=\"color: #ff6600;\"><strong>PROGRAMMA \u201cVESEL\u012aBA\u201d<\/strong><\/span>\u00a0\u2013 tas ir semin\u0101ru bloks, kas izveidots, lai pak\u0101peniski att\u012bst\u012btu vesel\u012bbas korekcijas prasmes. Apm\u0101c\u012bbu rezult\u0101t\u0101 klaus\u012bt\u0101js ieg\u016bst zin\u0101\u0161anas un prasmes, ar kuru pal\u012bdz\u012bbu tas var risin\u0101t specifiskas vesel\u012bbas probl\u0113mas, uztur\u0113t savu aktivit\u0101ti un pagarin\u0101t jaun\u012bbu.<\/p>\n<p>\u0160\u012bs programmas apg\u016b\u0161ana s\u0101kas ar TEIA Skolas pirm\u0101s pak\u0101pes izie\u0161anu un pamatnodarb\u012bb\u0101m (visp\u0101r\u0113j\u0101 sagatavo\u0161an\u0101s, objekts) un turpin\u0101s ar da\u017e\u0101du n\u0101kamo pak\u0101pju zin\u0101\u0161anu apg\u016b\u0161anu. Programma sast\u0101v no pamatsemin\u0101riem un fakultat\u012bvajiem semin\u0101riem. Pamatsemin\u0101ri darbojas p\u0113c pak\u0101pju lo\u0123ikas un dod iesp\u0113ju, izmantojot univers\u0101lu prasmju kopumu, ne tikai nov\u0113rst slim\u012bbas simptomus, bet ar\u012b apkarot t\u0101s iemeslus. Pak\u0101penisk\u0101s prasmju sare\u017e\u0123\u012bt\u012bbas pak\u0101pes pal\u012bdz uzkr\u0101t pieredzi un iem\u0101c\u012bties ne tikai nov\u0113rst slim\u012bbas izpausmes, bet nepie\u013caut to iest\u0101\u0161anos, izmain\u012bt savu \u0137ermeni, \u0101r\u0113jo izskatu, saglab\u0101t jaun\u012bbu un saglab\u0101t akt\u012bvu dz\u012bvesveidu l\u012bdz pa\u0161\u0101m vecumdien\u0101m. Fakultat\u012bvajos semin\u0101ros var apg\u016bt atsevi\u0161\u0137u sist\u0113mu un org\u0101nu atvese\u013co\u0161anas metodiku un citu \u0161aur\u0101k specializ\u0113tu uzdevumu veik\u0161anu. Fakultat\u012bvos semin\u0101rus var apmekl\u0113t tikai tad, ja iziets programmas pamatsemin\u0101rs.<\/p>\n<\/div><\/div><\/div><style type=\"text\/css\">.fusion-body .fusion-builder-column-1{width:100% !important;margin-top : 20px;margin-bottom : 20px;}.fusion-builder-column-1 > .fusion-column-wrapper {padding-top : 0px !important;padding-right : 0px !important;margin-right : 1.92%;padding-bottom : 0px !important;padding-left : 0px !important;margin-left : 1.92%;}@media only screen and (max-width:1024px) {.fusion-body .fusion-builder-column-1{width:100% !important;order : 0;}.fusion-builder-column-1 > .fusion-column-wrapper {margin-right : 1.92%;margin-left : 1.92%;}}@media only screen and (max-width:640px) {.fusion-body .fusion-builder-column-1{width:100% !important;order : 0;}.fusion-builder-column-1 > .fusion-column-wrapper {margin-right : 1.92%;margin-left : 1.92%;}}<\/style><\/div><style type=\"text\/css\">.fusion-body .fusion-flex-container.fusion-builder-row-1{ padding-top : 48px;margin-top : 0px;padding-right : 0px;padding-bottom : 60px;margin-bottom : 0px;padding-left : 0px;}@media only screen and (max-width:1024px) {.fusion-body .fusion-flex-container.fusion-builder-row-1{ padding-top : 36px;padding-bottom : 42px;}}@media only screen and (max-width:640px) {.fusion-body .fusion-flex-container.fusion-builder-row-1{ padding-top : 12px;padding-bottom : 40px;}}<\/style><\/div>\n","protected":false},"excerpt":{"rendered":"","protected":false},"author":2,"featured_media":0,"parent":0,"menu_order":0,"comment_status":"closed","ping_status":"closed","template":"100-width.php","meta":{"footnotes":""},"class_list":["post-6997","page","type-page","status-publish","hentry"],"yoast_head":"<!-- This site is optimized with the Yoast SEO plugin v27.4 - https:\/\/yoast.com\/product\/yoast-seo-wordpress\/ -->\n<title>PROGRAMMA \u201cVESEL\u012aBA\u201d - TEIA skola<\/title>\n<meta name=\"robots\" content=\"index, follow, max-snippet:-1, max-image-preview:large, max-video-preview:-1\" \/>\n<link rel=\"canonical\" href=\"https:\/\/deir.lv\/lv\/programma-veseliba\/\" \/>\n<meta property=\"og:locale\" content=\"lv_LV\" \/>\n<meta property=\"og:type\" content=\"article\" \/>\n<meta property=\"og:title\" content=\"PROGRAMMA \u201cVESEL\u012aBA\u201d - TEIA skola\" \/>\n<meta property=\"og:url\" content=\"https:\/\/deir.lv\/lv\/programma-veseliba\/\" \/>\n<meta property=\"og:site_name\" content=\"\u0428\u043a\u043e\u043b\u0430 \u0414\u042d\u0418\u0420\" \/>\n<meta name=\"twitter:card\" content=\"summary_large_image\" \/>\n<meta name=\"twitter:label1\" content=\"Est. reading time\" \/>\n\t<meta name=\"twitter:data1\" content=\"6 minutes\" \/>\n<script type=\"application\/ld+json\" class=\"yoast-schema-graph\">{\"@context\":\"https:\\\/\\\/schema.org\",\"@graph\":[{\"@type\":\"WebPage\",\"@id\":\"https:\\\/\\\/deir.lv\\\/lv\\\/programma-veseliba\\\/\",\"url\":\"https:\\\/\\\/deir.lv\\\/lv\\\/programma-veseliba\\\/\",\"name\":\"PROGRAMMA \u201cVESEL\u012aBA\u201d - TEIA skola\",\"isPartOf\":{\"@id\":\"https:\\\/\\\/deir.lv\\\/ru\\\/#website\"},\"datePublished\":\"2020-08-19T21:33:26+00:00\",\"breadcrumb\":{\"@id\":\"https:\\\/\\\/deir.lv\\\/lv\\\/programma-veseliba\\\/#breadcrumb\"},\"inLanguage\":\"lv-LV\",\"potentialAction\":[{\"@type\":\"ReadAction\",\"target\":[\"https:\\\/\\\/deir.lv\\\/lv\\\/programma-veseliba\\\/\"]}]},{\"@type\":\"BreadcrumbList\",\"@id\":\"https:\\\/\\\/deir.lv\\\/lv\\\/programma-veseliba\\\/#breadcrumb\",\"itemListElement\":[{\"@type\":\"ListItem\",\"position\":1,\"name\":\"\u0413\u043b\u0430\u0432\u043d\u0430\u044f \u0441\u0442\u0440\u0430\u043d\u0438\u0446\u0430\",\"item\":\"https:\\\/\\\/deir.lv\\\/lv\\\/\"},{\"@type\":\"ListItem\",\"position\":2,\"name\":\"PROGRAMMA \u201cVESEL\u012aBA\u201d\"}]},{\"@type\":\"WebSite\",\"@id\":\"https:\\\/\\\/deir.lv\\\/ru\\\/#website\",\"url\":\"https:\\\/\\\/deir.lv\\\/ru\\\/\",\"name\":\"\u0428\u043a\u043e\u043b\u0430 \u0414\u042d\u0418\u0420\",\"description\":\"\u0421\u0442\u0440\u0435\u043c\u0438\u0442\u0435\u0441\u044c \u0423\u0447\u0438\u0442\u044c\u0441\u044f \u041b\u0443\u0447\u0448\u0435\u043c\u0443!\",\"potentialAction\":[{\"@type\":\"SearchAction\",\"target\":{\"@type\":\"EntryPoint\",\"urlTemplate\":\"https:\\\/\\\/deir.lv\\\/ru\\\/?s={search_term_string}\"},\"query-input\":{\"@type\":\"PropertyValueSpecification\",\"valueRequired\":true,\"valueName\":\"search_term_string\"}}],\"inLanguage\":\"lv-LV\"}]}<\/script>\n<!-- \/ Yoast SEO plugin. -->","yoast_head_json":{"title":"PROGRAMMA \u201cVESEL\u012aBA\u201d - TEIA skola","robots":{"index":"index","follow":"follow","max-snippet":"max-snippet:-1","max-image-preview":"max-image-preview:large","max-video-preview":"max-video-preview:-1"},"canonical":"https:\/\/deir.lv\/lv\/programma-veseliba\/","og_locale":"lv_LV","og_type":"article","og_title":"PROGRAMMA \u201cVESEL\u012aBA\u201d - TEIA skola","og_url":"https:\/\/deir.lv\/lv\/programma-veseliba\/","og_site_name":"\u0428\u043a\u043e\u043b\u0430 \u0414\u042d\u0418\u0420","twitter_card":"summary_large_image","twitter_misc":{"Est. reading time":"6 minutes"},"schema":{"@context":"https:\/\/schema.org","@graph":[{"@type":"WebPage","@id":"https:\/\/deir.lv\/lv\/programma-veseliba\/","url":"https:\/\/deir.lv\/lv\/programma-veseliba\/","name":"PROGRAMMA \u201cVESEL\u012aBA\u201d - TEIA skola","isPartOf":{"@id":"https:\/\/deir.lv\/ru\/#website"},"datePublished":"2020-08-19T21:33:26+00:00","breadcrumb":{"@id":"https:\/\/deir.lv\/lv\/programma-veseliba\/#breadcrumb"},"inLanguage":"lv-LV","potentialAction":[{"@type":"ReadAction","target":["https:\/\/deir.lv\/lv\/programma-veseliba\/"]}]},{"@type":"BreadcrumbList","@id":"https:\/\/deir.lv\/lv\/programma-veseliba\/#breadcrumb","itemListElement":[{"@type":"ListItem","position":1,"name":"\u0413\u043b\u0430\u0432\u043d\u0430\u044f \u0441\u0442\u0440\u0430\u043d\u0438\u0446\u0430","item":"https:\/\/deir.lv\/lv\/"},{"@type":"ListItem","position":2,"name":"PROGRAMMA \u201cVESEL\u012aBA\u201d"}]},{"@type":"WebSite","@id":"https:\/\/deir.lv\/ru\/#website","url":"https:\/\/deir.lv\/ru\/","name":"\u0428\u043a\u043e\u043b\u0430 \u0414\u042d\u0418\u0420","description":"\u0421\u0442\u0440\u0435\u043c\u0438\u0442\u0435\u0441\u044c \u0423\u0447\u0438\u0442\u044c\u0441\u044f \u041b\u0443\u0447\u0448\u0435\u043c\u0443!","potentialAction":[{"@type":"SearchAction","target":{"@type":"EntryPoint","urlTemplate":"https:\/\/deir.lv\/ru\/?s={search_term_string}"},"query-input":{"@type":"PropertyValueSpecification","valueRequired":true,"valueName":"search_term_string"}}],"inLanguage":"lv-LV"}]}},"_links":{"self":[{"href":"https:\/\/deir.lv\/lv\/wp-json\/wp\/v2\/pages\/6997","targetHints":{"allow":["GET"]}}],"collection":[{"href":"https:\/\/deir.lv\/lv\/wp-json\/wp\/v2\/pages"}],"about":[{"href":"https:\/\/deir.lv\/lv\/wp-json\/wp\/v2\/types\/page"}],"author":[{"embeddable":true,"href":"https:\/\/deir.lv\/lv\/wp-json\/wp\/v2\/users\/2"}],"replies":[{"embeddable":true,"href":"https:\/\/deir.lv\/lv\/wp-json\/wp\/v2\/comments?post=6997"}],"version-history":[{"count":1,"href":"https:\/\/deir.lv\/lv\/wp-json\/wp\/v2\/pages\/6997\/revisions"}],"predecessor-version":[{"id":7000,"href":"https:\/\/deir.lv\/lv\/wp-json\/wp\/v2\/pages\/6997\/revisions\/7000"}],"wp:attachment":[{"href":"https:\/\/deir.lv\/lv\/wp-json\/wp\/v2\/media?parent=6997"}],"curies":[{"name":"wp","href":"https:\/\/api.w.org\/{rel}","templated":true}]}}