{"id":7003,"date":"2020-08-20T00:35:35","date_gmt":"2020-08-19T21:35:35","guid":{"rendered":"https:\/\/deir.lv\/?page_id=7003"},"modified":"2020-08-20T00:35:35","modified_gmt":"2020-08-19T21:35:35","slug":"programma-attistiba","status":"publish","type":"page","link":"https:\/\/deir.lv\/lv\/programma-attistiba\/","title":{"rendered":"PROGRAMMA \u201cATT\u012aST\u012aBA\u201d"},"content":{"rendered":"<div class=\"fusion-fullwidth fullwidth-box fusion-builder-row-1 fusion-flex-container nonhundred-percent-fullwidth non-hundred-percent-height-scrolling\" style=\"background-color: rgba(255,255,255,0);background-position: center center;background-repeat: no-repeat;border-width: 0px 0px 0px 0px;border-color:rgba(0,0,0,0.08);border-style:solid;\" ><div class=\"fusion-builder-row fusion-row fusion-flex-align-items-flex-start fusion-flex-justify-content-center\" style=\"max-width:1331.2px;margin-left: calc(-4% \/ 2 );margin-right: calc(-4% \/ 2 );\"><div class=\"fusion-layout-column fusion_builder_column fusion-builder-column-0 fusion_builder_column_3_5 3_5 fusion-flex-column fusion-animated\" data-animationType=\"fadeInDown\" data-animationDuration=\"1.6\" data-animationOffset=\"100%\"><div class=\"fusion-column-wrapper fusion-flex-justify-content-flex-start fusion-content-layout-column\" style=\"background-position:left top;background-repeat:no-repeat;-webkit-background-size:cover;-moz-background-size:cover;-o-background-size:cover;background-size:cover;padding: 0px 0px 0px 0px;\"><style type=\"text\/css\">@media only screen and (max-width:1024px) {.fusion-title.fusion-title-1{margin-top:12px!important;margin-bottom:24px!important;}}@media only screen and (max-width:640px) {.fusion-title.fusion-title-1{margin-top:12px!important;margin-bottom:24px!important;}}<\/style><div class=\"fusion-title title fusion-title-1 fusion-sep-none fusion-title-center fusion-title-text fusion-title-size-one\" style=\"margin-top:12px;margin-bottom:24px;\"><h1 class=\"title-heading-center\" style=\"margin:0;\">PROGRAMMA \u201cATT\u012aST\u012aBA\u201d<\/h1><\/div><\/div><\/div><style type=\"text\/css\">.fusion-body .fusion-builder-column-0{width:60% !important;margin-top : 10px;margin-bottom : 52px;}.fusion-builder-column-0 > .fusion-column-wrapper {padding-top : 0px !important;padding-right : 0px !important;margin-right : 3.2%;padding-bottom : 0px !important;padding-left : 0px !important;margin-left : 3.2%;}@media only screen and (max-width:1024px) {.fusion-body .fusion-builder-column-0{width:80% !important;margin-bottom : 48px;}.fusion-builder-column-0 > .fusion-column-wrapper {margin-right : 2.4%;margin-left : 2.4%;}}@media only screen and (max-width:640px) {.fusion-body .fusion-builder-column-0{width:100% !important;margin-bottom : 32px;}.fusion-builder-column-0 > .fusion-column-wrapper {margin-right : 1.92%;margin-left : 1.92%;}}<\/style><div class=\"fusion-layout-column fusion_builder_column fusion-builder-column-1 fusion_builder_column_1_1 1_1 fusion-flex-column\"><div class=\"fusion-column-wrapper fusion-flex-justify-content-flex-start fusion-content-layout-column\" style=\"background-position:left top;background-repeat:no-repeat;-webkit-background-size:cover;-moz-background-size:cover;-o-background-size:cover;background-size:cover;padding: 0px 0px 0px 0px;\"><div class=\"fusion-text fusion-text-1\" style=\"text-align:left;font-size:18px;line-height:1.4em;letter-spacing:-0.02em;\"><p>Programmas \u201cAtt\u012bst\u012bba\u201d semin\u0101ri \u013cauj cilv\u0113kam izdar\u012bt visinteresant\u0101ko \u0161aj\u0101 dz\u012bv\u0113 \u2013 ieskat\u012bties sev\u012b, atrast un aktiviz\u0113t savas iek\u0161\u0113j\u0101s rezerves un att\u012bst\u012bt jaunas iema\u0146as. Ieraudz\u012bt Pasauli vis\u0101 t\u0101s daudzveid\u012bb\u0101, dz\u012bvot interesantu, motikumiem bag\u0101tu un kr\u0101saino dz\u012bvi. Ja Jums tr\u016bkst spilgtuma, ja dz\u012bve k\u013cuva garlaic\u012bga vai ikdienas darbi piepilda visu dienu,\u00a0<span style=\"color: #ff6600;\">programmas \u201cAtt\u012bst\u012bba\u201d<\/span>\u00a0semin\u0101ri pal\u012bdz\u0113s atrais\u012bt iek\u0161\u0113jo potenci\u0101lu un baud\u012bt dz\u012bvi.<\/p>\n<\/div><\/div><\/div><style type=\"text\/css\">.fusion-body .fusion-builder-column-1{width:100% !important;margin-top : 20px;margin-bottom : 20px;}.fusion-builder-column-1 > .fusion-column-wrapper {padding-top : 0px !important;padding-right : 0px !important;margin-right : 1.92%;padding-bottom : 0px !important;padding-left : 0px !important;margin-left : 1.92%;}@media only screen and (max-width:1024px) {.fusion-body .fusion-builder-column-1{width:100% !important;order : 0;}.fusion-builder-column-1 > .fusion-column-wrapper {margin-right : 1.92%;margin-left : 1.92%;}}@media only screen and (max-width:640px) {.fusion-body .fusion-builder-column-1{width:100% !important;order : 0;}.fusion-builder-column-1 > .fusion-column-wrapper {margin-right : 1.92%;margin-left : 1.92%;}}<\/style><\/div><style type=\"text\/css\">.fusion-body .fusion-flex-container.fusion-builder-row-1{ padding-top : 48px;margin-top : 0px;padding-right : 0px;padding-bottom : 60px;margin-bottom : 0px;padding-left : 0px;}@media only screen and (max-width:1024px) {.fusion-body .fusion-flex-container.fusion-builder-row-1{ padding-top : 36px;padding-bottom : 42px;}}@media only screen and (max-width:640px) {.fusion-body .fusion-flex-container.fusion-builder-row-1{ padding-top : 12px;padding-bottom : 40px;}}<\/style><\/div>\n","protected":false},"excerpt":{"rendered":"","protected":false},"author":2,"featured_media":0,"parent":0,"menu_order":0,"comment_status":"closed","ping_status":"closed","template":"100-width.php","meta":{"footnotes":""},"class_list":["post-7003","page","type-page","status-publish","hentry"],"yoast_head":"<!-- This site is optimized with the Yoast SEO plugin v27.4 - https:\/\/yoast.com\/product\/yoast-seo-wordpress\/ -->\n<title>PROGRAMMA \u201cATT\u012aST\u012aBA\u201d - TEIA skola<\/title>\n<meta name=\"robots\" content=\"index, follow, max-snippet:-1, max-image-preview:large, max-video-preview:-1\" \/>\n<link rel=\"canonical\" href=\"https:\/\/deir.lv\/lv\/programma-attistiba\/\" \/>\n<meta property=\"og:locale\" content=\"lv_LV\" \/>\n<meta property=\"og:type\" content=\"article\" \/>\n<meta property=\"og:title\" content=\"PROGRAMMA \u201cATT\u012aST\u012aBA\u201d - TEIA skola\" \/>\n<meta property=\"og:url\" content=\"https:\/\/deir.lv\/lv\/programma-attistiba\/\" \/>\n<meta property=\"og:site_name\" content=\"\u0428\u043a\u043e\u043b\u0430 \u0414\u042d\u0418\u0420\" \/>\n<meta name=\"twitter:card\" content=\"summary_large_image\" \/>\n<meta name=\"twitter:label1\" content=\"Est. reading time\" \/>\n\t<meta name=\"twitter:data1\" content=\"4 minutes\" \/>\n<script type=\"application\/ld+json\" class=\"yoast-schema-graph\">{\"@context\":\"https:\\\/\\\/schema.org\",\"@graph\":[{\"@type\":\"WebPage\",\"@id\":\"https:\\\/\\\/deir.lv\\\/lv\\\/programma-attistiba\\\/\",\"url\":\"https:\\\/\\\/deir.lv\\\/lv\\\/programma-attistiba\\\/\",\"name\":\"PROGRAMMA \u201cATT\u012aST\u012aBA\u201d - TEIA skola\",\"isPartOf\":{\"@id\":\"https:\\\/\\\/deir.lv\\\/ru\\\/#website\"},\"datePublished\":\"2020-08-19T21:35:35+00:00\",\"breadcrumb\":{\"@id\":\"https:\\\/\\\/deir.lv\\\/lv\\\/programma-attistiba\\\/#breadcrumb\"},\"inLanguage\":\"lv-LV\",\"potentialAction\":[{\"@type\":\"ReadAction\",\"target\":[\"https:\\\/\\\/deir.lv\\\/lv\\\/programma-attistiba\\\/\"]}]},{\"@type\":\"BreadcrumbList\",\"@id\":\"https:\\\/\\\/deir.lv\\\/lv\\\/programma-attistiba\\\/#breadcrumb\",\"itemListElement\":[{\"@type\":\"ListItem\",\"position\":1,\"name\":\"\u0413\u043b\u0430\u0432\u043d\u0430\u044f \u0441\u0442\u0440\u0430\u043d\u0438\u0446\u0430\",\"item\":\"https:\\\/\\\/deir.lv\\\/lv\\\/\"},{\"@type\":\"ListItem\",\"position\":2,\"name\":\"PROGRAMMA \u201cATT\u012aST\u012aBA\u201d\"}]},{\"@type\":\"WebSite\",\"@id\":\"https:\\\/\\\/deir.lv\\\/ru\\\/#website\",\"url\":\"https:\\\/\\\/deir.lv\\\/ru\\\/\",\"name\":\"\u0428\u043a\u043e\u043b\u0430 \u0414\u042d\u0418\u0420\",\"description\":\"\u0421\u0442\u0440\u0435\u043c\u0438\u0442\u0435\u0441\u044c \u0423\u0447\u0438\u0442\u044c\u0441\u044f \u041b\u0443\u0447\u0448\u0435\u043c\u0443!\",\"potentialAction\":[{\"@type\":\"SearchAction\",\"target\":{\"@type\":\"EntryPoint\",\"urlTemplate\":\"https:\\\/\\\/deir.lv\\\/ru\\\/?s={search_term_string}\"},\"query-input\":{\"@type\":\"PropertyValueSpecification\",\"valueRequired\":true,\"valueName\":\"search_term_string\"}}],\"inLanguage\":\"lv-LV\"}]}<\/script>\n<!-- \/ Yoast SEO plugin. -->","yoast_head_json":{"title":"PROGRAMMA \u201cATT\u012aST\u012aBA\u201d - TEIA skola","robots":{"index":"index","follow":"follow","max-snippet":"max-snippet:-1","max-image-preview":"max-image-preview:large","max-video-preview":"max-video-preview:-1"},"canonical":"https:\/\/deir.lv\/lv\/programma-attistiba\/","og_locale":"lv_LV","og_type":"article","og_title":"PROGRAMMA \u201cATT\u012aST\u012aBA\u201d - TEIA skola","og_url":"https:\/\/deir.lv\/lv\/programma-attistiba\/","og_site_name":"\u0428\u043a\u043e\u043b\u0430 \u0414\u042d\u0418\u0420","twitter_card":"summary_large_image","twitter_misc":{"Est. reading time":"4 minutes"},"schema":{"@context":"https:\/\/schema.org","@graph":[{"@type":"WebPage","@id":"https:\/\/deir.lv\/lv\/programma-attistiba\/","url":"https:\/\/deir.lv\/lv\/programma-attistiba\/","name":"PROGRAMMA \u201cATT\u012aST\u012aBA\u201d - TEIA skola","isPartOf":{"@id":"https:\/\/deir.lv\/ru\/#website"},"datePublished":"2020-08-19T21:35:35+00:00","breadcrumb":{"@id":"https:\/\/deir.lv\/lv\/programma-attistiba\/#breadcrumb"},"inLanguage":"lv-LV","potentialAction":[{"@type":"ReadAction","target":["https:\/\/deir.lv\/lv\/programma-attistiba\/"]}]},{"@type":"BreadcrumbList","@id":"https:\/\/deir.lv\/lv\/programma-attistiba\/#breadcrumb","itemListElement":[{"@type":"ListItem","position":1,"name":"\u0413\u043b\u0430\u0432\u043d\u0430\u044f \u0441\u0442\u0440\u0430\u043d\u0438\u0446\u0430","item":"https:\/\/deir.lv\/lv\/"},{"@type":"ListItem","position":2,"name":"PROGRAMMA \u201cATT\u012aST\u012aBA\u201d"}]},{"@type":"WebSite","@id":"https:\/\/deir.lv\/ru\/#website","url":"https:\/\/deir.lv\/ru\/","name":"\u0428\u043a\u043e\u043b\u0430 \u0414\u042d\u0418\u0420","description":"\u0421\u0442\u0440\u0435\u043c\u0438\u0442\u0435\u0441\u044c \u0423\u0447\u0438\u0442\u044c\u0441\u044f \u041b\u0443\u0447\u0448\u0435\u043c\u0443!","potentialAction":[{"@type":"SearchAction","target":{"@type":"EntryPoint","urlTemplate":"https:\/\/deir.lv\/ru\/?s={search_term_string}"},"query-input":{"@type":"PropertyValueSpecification","valueRequired":true,"valueName":"search_term_string"}}],"inLanguage":"lv-LV"}]}},"_links":{"self":[{"href":"https:\/\/deir.lv\/lv\/wp-json\/wp\/v2\/pages\/7003","targetHints":{"allow":["GET"]}}],"collection":[{"href":"https:\/\/deir.lv\/lv\/wp-json\/wp\/v2\/pages"}],"about":[{"href":"https:\/\/deir.lv\/lv\/wp-json\/wp\/v2\/types\/page"}],"author":[{"embeddable":true,"href":"https:\/\/deir.lv\/lv\/wp-json\/wp\/v2\/users\/2"}],"replies":[{"embeddable":true,"href":"https:\/\/deir.lv\/lv\/wp-json\/wp\/v2\/comments?post=7003"}],"version-history":[{"count":1,"href":"https:\/\/deir.lv\/lv\/wp-json\/wp\/v2\/pages\/7003\/revisions"}],"predecessor-version":[{"id":7005,"href":"https:\/\/deir.lv\/lv\/wp-json\/wp\/v2\/pages\/7003\/revisions\/7005"}],"wp:attachment":[{"href":"https:\/\/deir.lv\/lv\/wp-json\/wp\/v2\/media?parent=7003"}],"curies":[{"name":"wp","href":"https:\/\/api.w.org\/{rel}","templated":true}]}}